{"id":5032,"date":"2020-10-01T12:57:55","date_gmt":"2020-10-01T12:57:55","guid":{"rendered":"https:\/\/kingcrystal.eu\/?post_type=product&#038;p=5032"},"modified":"2021-02-26T11:46:41","modified_gmt":"2021-02-26T11:46:41","slug":"lepidolite-bracelet","status":"publish","type":"product","link":"https:\/\/kingcrystal.eu\/sl\/shop\/lepidolite-bracelet\/","title":{"rendered":"Zapestnica Lepidolite"},"content":{"rendered":"<h1 class=\"product_title entry-title\" style=\"text-align: left;\">Lepidolit in njegovi u\u010dinki<\/h1>\n<p>&nbsp;<\/p>\n<h2 class=\"gems\">Duhovno<\/h2>\n<p>Lepidolit je znan po tem, da odpravlja vsa odve\u010dna sporo\u010dila in glasove iz preteklosti, ki nas ovirajo pri doseganju sre\u010de in\/ali uspeha. Pomaga pritegniti podporne prijatelje in sodelavce ter prina\u0161a prilo\u017enosti.<\/p>\n<h2 class=\"gems\">\u010custveno<\/h2>\n<p>Lepidolit ne\u017eno bla\u017ei intenzivnost na\u0161ih \u010dustvenih ob\u010dutkov, nihanje razpolo\u017eenja, depresijo, mani\u010dno depresijo, skrbi in tesnobo. Prina\u0161a upanje, olaj\u0161anje, ne\u017enost, ljubezen do sebe, potrpe\u017eljivost, odpu\u0161\u010danje sebi, brezskrben spanec, du\u0161evno\/\u010dustveno ravnovesje in dobro po\u010dutje.<\/p>\n<h2 class=\"gems\">Mentalno<\/h2>\n<p>Lepidolit pomaga ohranjati integriteto in dobro po\u010dutje pri soo\u010danju z jeznimi ljudmi, finan\u010dnim stresom, izgubo slu\u017ebe ali razmerja ali potrebo po velikih spremembah v kratkem \u010dasu. Najbolj u\u010dinkovit je, ko je \u017eivljenje najbolj zahtevno.<\/p>\n<h2 class=\"gems\">Fizi\u010dno<\/h2>\n<p>Lepidolit je dober za miren spanec, laj\u0161anje iz\u010drpanosti in pomirjanje telesa z razstrupljanjem. To je kamen, ki pomaga pri bolj\u0161i prebavi. Zaradi svoje mineralne sestave se lepidolit \u017ee stoletja uporablja za menopavzo, Alzheimerjevo bolezen, sindrom bolne zgradbe, alergije in epilepsijo.<\/p>","protected":false},"excerpt":{"rendered":"<p>&nbsp;<\/p>\n<p><strong><em>\u010cakre<\/em> \u2013 <a href=\"https:\/\/kingcrystal.eu\/sl\/third-eye-chakra-ajna\/\">\u010cakra tretjega o\u010desa<\/a>,\u00a0<a href=\"https:\/\/kingcrystal.eu\/sl\/crown-chakra-sahasrara\/\">Kronska \u010dakra<\/a><\/strong><br \/>\n<strong><em>Zodiak\u00a0<\/em>\u2013 <a href=\"https:\/\/kingcrystal.eu\/sl\/product\/libra-bracelet\/\">Tehnica<\/a><\/strong><br \/>\n<strong><em>Planet<\/em> \u2013 <a href=\"https:\/\/kingcrystal.eu\/sl\/solar-system-neptune\/\">Neptun<\/a> in <a href=\"https:\/\/kingcrystal.eu\/sl\/solar-system-jupiter\/\">Jupiter<\/a><\/strong><br \/>\n<strong><em>Element<\/em> \u2013 <a href=\"https:\/\/kingcrystal.eu\/sl\/water-element\/\">Voda<\/a><\/strong><\/p>","protected":false},"featured_media":5044,"comment_status":"closed","ping_status":"closed","template":"","meta":[],"product_brand":[],"product_cat":[25],"product_tag":[],"class_list":{"0":"post-5032","1":"product","2":"type-product","3":"status-publish","4":"has-post-thumbnail","6":"product_cat-crystal-bracelets","8":"first","9":"instock","10":"taxable","11":"shipping-taxable","12":"purchasable","13":"product-type-variable","14":"has-default-attributes"},"yoast_head":"<!-- This site is optimized with the Yoast SEO Premium plugin v26.6 (Yoast SEO v26.6) - https:\/\/yoast.com\/wordpress\/plugins\/seo\/ -->\n<title>Lepidolite Bracelet - KingCrystal<\/title>\n<meta name=\"robots\" content=\"index, follow, max-snippet:-1, max-image-preview:large, max-video-preview:-1\" \/>\n<link rel=\"canonical\" href=\"https:\/\/kingcrystal.eu\/sl\/shop\/lepidolite-bracelet\/\" \/>\n<meta property=\"og:locale\" content=\"sl_SI\" \/>\n<meta property=\"og:type\" content=\"article\" \/>\n<meta property=\"og:title\" content=\"Lepidolite Bracelet\" \/>\n<meta property=\"og:description\" content=\"&nbsp;  Chakras - Third Eye Chakra,\u00a0Crown Chakra Zodiac\u00a0- Libra Planet \u2013 Neptune and Jupiter Element \u2013 Water\" \/>\n<meta property=\"og:url\" content=\"https:\/\/kingcrystal.eu\/sl\/shop\/lepidolite-bracelet\/\" \/>\n<meta property=\"og:site_name\" content=\"KingCrystal\" \/>\n<meta property=\"article:publisher\" content=\"https:\/\/www.facebook.com\/search\/top?q=kingcrystal\" \/>\n<meta property=\"article:modified_time\" content=\"2021-02-26T11:46:41+00:00\" \/>\n<meta property=\"og:image\" content=\"https:\/\/kingcrystal.eu\/wp-content\/uploads\/2020\/10\/2-1.png\" \/>\n\t<meta property=\"og:image:width\" content=\"2560\" \/>\n\t<meta property=\"og:image:height\" content=\"2560\" \/>\n\t<meta property=\"og:image:type\" content=\"image\/png\" \/>\n<meta name=\"twitter:card\" content=\"summary_large_image\" \/>\n<meta name=\"twitter:label1\" content=\"Est. reading time\" \/>\n\t<meta name=\"twitter:data1\" content=\"1 minuta\" \/>\n<script type=\"application\/ld+json\" class=\"yoast-schema-graph\">{\"@context\":\"https:\/\/schema.org\",\"@graph\":[{\"@type\":\"WebPage\",\"@id\":\"https:\/\/kingcrystal.eu\/shop\/lepidolite-bracelet\/\",\"url\":\"https:\/\/kingcrystal.eu\/shop\/lepidolite-bracelet\/\",\"name\":\"Lepidolite Bracelet - KingCrystal\",\"isPartOf\":{\"@id\":\"https:\/\/kingcrystal.eu\/#website\"},\"primaryImageOfPage\":{\"@id\":\"https:\/\/kingcrystal.eu\/shop\/lepidolite-bracelet\/#primaryimage\"},\"image\":{\"@id\":\"https:\/\/kingcrystal.eu\/shop\/lepidolite-bracelet\/#primaryimage\"},\"thumbnailUrl\":\"https:\/\/kingcrystal.eu\/wp-content\/uploads\/2020\/10\/2-1.png\",\"datePublished\":\"2020-10-01T12:57:55+00:00\",\"dateModified\":\"2021-02-26T11:46:41+00:00\",\"breadcrumb\":{\"@id\":\"https:\/\/kingcrystal.eu\/shop\/lepidolite-bracelet\/#breadcrumb\"},\"inLanguage\":\"sl-SI\",\"potentialAction\":[{\"@type\":\"ReadAction\",\"target\":[\"https:\/\/kingcrystal.eu\/shop\/lepidolite-bracelet\/\"]}]},{\"@type\":\"ImageObject\",\"inLanguage\":\"sl-SI\",\"@id\":\"https:\/\/kingcrystal.eu\/shop\/lepidolite-bracelet\/#primaryimage\",\"url\":\"https:\/\/kingcrystal.eu\/wp-content\/uploads\/2020\/10\/2-1.png\",\"contentUrl\":\"https:\/\/kingcrystal.eu\/wp-content\/uploads\/2020\/10\/2-1.png\",\"width\":2560,\"height\":2560,\"caption\":\"A stretchy bracelet made of purple beads with a single silver bead in the center.\"},{\"@type\":\"BreadcrumbList\",\"@id\":\"https:\/\/kingcrystal.eu\/shop\/lepidolite-bracelet\/#breadcrumb\",\"itemListElement\":[{\"@type\":\"ListItem\",\"position\":1,\"name\":\"Home\",\"item\":\"https:\/\/kingcrystal.eu\/en\/\"},{\"@type\":\"ListItem\",\"position\":2,\"name\":\"Shop\",\"item\":\"https:\/\/kingcrystal.eu\/shop\/\"},{\"@type\":\"ListItem\",\"position\":3,\"name\":\"Lepidolite Bracelet\"}]},{\"@type\":\"WebSite\",\"@id\":\"https:\/\/kingcrystal.eu\/#website\",\"url\":\"https:\/\/kingcrystal.eu\/\",\"name\":\"KingCrystal\",\"description\":\"Finest Natural Jewelry\",\"publisher\":{\"@id\":\"https:\/\/kingcrystal.eu\/#organization\"},\"potentialAction\":[{\"@type\":\"SearchAction\",\"target\":{\"@type\":\"EntryPoint\",\"urlTemplate\":\"https:\/\/kingcrystal.eu\/?s={search_term_string}\"},\"query-input\":{\"@type\":\"PropertyValueSpecification\",\"valueRequired\":true,\"valueName\":\"search_term_string\"}}],\"inLanguage\":\"sl-SI\"},{\"@type\":\"Organization\",\"@id\":\"https:\/\/kingcrystal.eu\/#organization\",\"name\":\"KingCrystal\",\"url\":\"https:\/\/kingcrystal.eu\/\",\"logo\":{\"@type\":\"ImageObject\",\"inLanguage\":\"sl-SI\",\"@id\":\"https:\/\/kingcrystal.eu\/#\/schema\/logo\/image\/\",\"url\":\"https:\/\/kingcrystal.eu\/wp-content\/uploads\/2020\/10\/logo1kx1kCUT-1-300x181_c279f40044eecdd857ab4f753e0c45c8.png\",\"contentUrl\":\"https:\/\/kingcrystal.eu\/wp-content\/uploads\/2020\/10\/logo1kx1kCUT-1-300x181_c279f40044eecdd857ab4f753e0c45c8.png\",\"width\":300,\"height\":181,\"caption\":\"KingCrystal\"},\"image\":{\"@id\":\"https:\/\/kingcrystal.eu\/#\/schema\/logo\/image\/\"},\"sameAs\":[\"https:\/\/www.facebook.com\/search\/top?q=kingcrystal\",\"https:\/\/www.instagram.com\/kingcrystal.eu\/\"]}]}<\/script>\n<!-- \/ Yoast SEO Premium plugin. -->","yoast_head_json":{"title":"Lepidolite Bracelet - KingCrystal","robots":{"index":"index","follow":"follow","max-snippet":"max-snippet:-1","max-image-preview":"max-image-preview:large","max-video-preview":"max-video-preview:-1"},"canonical":"https:\/\/kingcrystal.eu\/sl\/shop\/lepidolite-bracelet\/","og_locale":"sl_SI","og_type":"article","og_title":"Lepidolite Bracelet","og_description":"&nbsp;  Chakras - Third Eye Chakra,\u00a0Crown Chakra Zodiac\u00a0- Libra Planet \u2013 Neptune and Jupiter Element \u2013 Water","og_url":"https:\/\/kingcrystal.eu\/sl\/shop\/lepidolite-bracelet\/","og_site_name":"KingCrystal","article_publisher":"https:\/\/www.facebook.com\/search\/top?q=kingcrystal","article_modified_time":"2021-02-26T11:46:41+00:00","og_image":[{"width":2560,"height":2560,"url":"https:\/\/kingcrystal.eu\/wp-content\/uploads\/2020\/10\/2-1.png","type":"image\/png"}],"twitter_card":"summary_large_image","twitter_misc":{"Est. reading time":"1 minuta"},"schema":{"@context":"https:\/\/schema.org","@graph":[{"@type":"WebPage","@id":"https:\/\/kingcrystal.eu\/shop\/lepidolite-bracelet\/","url":"https:\/\/kingcrystal.eu\/shop\/lepidolite-bracelet\/","name":"Lepidolite Bracelet - KingCrystal","isPartOf":{"@id":"https:\/\/kingcrystal.eu\/#website"},"primaryImageOfPage":{"@id":"https:\/\/kingcrystal.eu\/shop\/lepidolite-bracelet\/#primaryimage"},"image":{"@id":"https:\/\/kingcrystal.eu\/shop\/lepidolite-bracelet\/#primaryimage"},"thumbnailUrl":"https:\/\/kingcrystal.eu\/wp-content\/uploads\/2020\/10\/2-1.png","datePublished":"2020-10-01T12:57:55+00:00","dateModified":"2021-02-26T11:46:41+00:00","breadcrumb":{"@id":"https:\/\/kingcrystal.eu\/shop\/lepidolite-bracelet\/#breadcrumb"},"inLanguage":"sl-SI","potentialAction":[{"@type":"ReadAction","target":["https:\/\/kingcrystal.eu\/shop\/lepidolite-bracelet\/"]}]},{"@type":"ImageObject","inLanguage":"sl-SI","@id":"https:\/\/kingcrystal.eu\/shop\/lepidolite-bracelet\/#primaryimage","url":"https:\/\/kingcrystal.eu\/wp-content\/uploads\/2020\/10\/2-1.png","contentUrl":"https:\/\/kingcrystal.eu\/wp-content\/uploads\/2020\/10\/2-1.png","width":2560,"height":2560,"caption":"A stretchy bracelet made of purple beads with a single silver bead in the center."},{"@type":"BreadcrumbList","@id":"https:\/\/kingcrystal.eu\/shop\/lepidolite-bracelet\/#breadcrumb","itemListElement":[{"@type":"ListItem","position":1,"name":"Home","item":"https:\/\/kingcrystal.eu\/en\/"},{"@type":"ListItem","position":2,"name":"Shop","item":"https:\/\/kingcrystal.eu\/shop\/"},{"@type":"ListItem","position":3,"name":"Lepidolite Bracelet"}]},{"@type":"WebSite","@id":"https:\/\/kingcrystal.eu\/#website","url":"https:\/\/kingcrystal.eu\/","name":"KingCrystal","description":"Najbolj\u0161i naravni nakit","publisher":{"@id":"https:\/\/kingcrystal.eu\/#organization"},"potentialAction":[{"@type":"SearchAction","target":{"@type":"EntryPoint","urlTemplate":"https:\/\/kingcrystal.eu\/?s={search_term_string}"},"query-input":{"@type":"PropertyValueSpecification","valueRequired":true,"valueName":"search_term_string"}}],"inLanguage":"sl-SI"},{"@type":"Organization","@id":"https:\/\/kingcrystal.eu\/#organization","name":"KingCrystal","url":"https:\/\/kingcrystal.eu\/","logo":{"@type":"ImageObject","inLanguage":"sl-SI","@id":"https:\/\/kingcrystal.eu\/#\/schema\/logo\/image\/","url":"https:\/\/kingcrystal.eu\/wp-content\/uploads\/2020\/10\/logo1kx1kCUT-1-300x181_c279f40044eecdd857ab4f753e0c45c8.png","contentUrl":"https:\/\/kingcrystal.eu\/wp-content\/uploads\/2020\/10\/logo1kx1kCUT-1-300x181_c279f40044eecdd857ab4f753e0c45c8.png","width":300,"height":181,"caption":"KingCrystal"},"image":{"@id":"https:\/\/kingcrystal.eu\/#\/schema\/logo\/image\/"},"sameAs":["https:\/\/www.facebook.com\/search\/top?q=kingcrystal","https:\/\/www.instagram.com\/kingcrystal.eu\/"]}]}},"_links":{"self":[{"href":"https:\/\/kingcrystal.eu\/sl\/wp-json\/wp\/v2\/product\/5032","targetHints":{"allow":["GET"]}}],"collection":[{"href":"https:\/\/kingcrystal.eu\/sl\/wp-json\/wp\/v2\/product"}],"about":[{"href":"https:\/\/kingcrystal.eu\/sl\/wp-json\/wp\/v2\/types\/product"}],"replies":[{"embeddable":true,"href":"https:\/\/kingcrystal.eu\/sl\/wp-json\/wp\/v2\/comments?post=5032"}],"version-history":[{"count":0,"href":"https:\/\/kingcrystal.eu\/sl\/wp-json\/wp\/v2\/product\/5032\/revisions"}],"wp:featuredmedia":[{"embeddable":true,"href":"https:\/\/kingcrystal.eu\/sl\/wp-json\/wp\/v2\/media\/5044"}],"wp:attachment":[{"href":"https:\/\/kingcrystal.eu\/sl\/wp-json\/wp\/v2\/media?parent=5032"}],"wp:term":[{"taxonomy":"product_brand","embeddable":true,"href":"https:\/\/kingcrystal.eu\/sl\/wp-json\/wp\/v2\/product_brand?post=5032"},{"taxonomy":"product_cat","embeddable":true,"href":"https:\/\/kingcrystal.eu\/sl\/wp-json\/wp\/v2\/product_cat?post=5032"},{"taxonomy":"product_tag","embeddable":true,"href":"https:\/\/kingcrystal.eu\/sl\/wp-json\/wp\/v2\/product_tag?post=5032"}],"curies":[{"name":"delovni list","href":"https:\/\/api.w.org\/{rel}","templated":true}]}}