{"id":4713,"date":"2020-09-27T18:04:59","date_gmt":"2020-09-27T18:04:59","guid":{"rendered":"https:\/\/kingcrystal.eu\/?post_type=product&#038;p=4713"},"modified":"2026-01-26T21:41:09","modified_gmt":"2026-01-26T20:41:09","slug":"aries-bracelet","status":"publish","type":"product","link":"https:\/\/kingcrystal.eu\/sl\/shop\/aries-bracelet\/","title":{"rendered":"Zapestnica Oven \u2648"},"content":{"rendered":"<h1 style=\"text-align: center;\">Zapestnica z zodiakalnim znakom ovna \u2013 vrhunska kristalna zapestnica za pogum, energijo in drzne nove za\u010detke<\/h1>\n<p><strong>Zapestnica z zodiakalnim znakom ovna<\/strong> je zapestnica z dragimi kamni, navdihnjena z astrologijo, izdelana za podporo neustra\u0161ni, strastni in akcijsko usmerjeni energiji Ovna (21. marec \u2013 19. april). Oven je prvo znamenje zodiaka \u2013 simbol vodstva, mo\u010di, odlo\u010dnosti in neustavljivega gibanja naprej.<\/p>\n<p>Ta luksuzna zapestnica z zodiakalnim simbolom je zasnovana s kristali, ki se ujemajo z ognjem Ovna, kar pove\u010duje motivacijo, samozavest, vitalnost in energijsko za\u0161\u010dito. Popolna je za tiste, ki sprejemajo izzive, ambicije in drzno osebno mo\u010d.<\/p>\n<hr \/>\n<h2>Duhovne koristi<\/h2>\n<p> Kristali Ovna aktivirajo notranji ogenj, duhovni pogum in samozavest. Ta zapestnica krepi va\u0161o avro in podpira osebno opolnomo\u010denje ter vam pomaga stopiti v nove za\u010detke z neustra\u0161no energijo. <\/p>\n<h2>\u010custvene koristi<\/h2>\n<p> Energija Ovna je intenzivna in strastna. Ta zapestnica pomaga uravnote\u017eiti \u010dustvene impulze, zmanj\u0161ati frustracije in spodbuditi mirno mo\u010d, hkrati pa ohranja motivacijo in veselje. <\/p>\n<h2>Du\u0161evne koristi<\/h2>\n<p> Dragi kamni Ovna, zasnovani za podporo osredoto\u010denosti, odlo\u010dnosti in drznemu razmi\u0161ljanju, spodbujajo jasnost in sposobnost sprejemanja odlo\u010dnih ukrepov brez dvoma vase. <\/p>\n<h2>Fizi\u010dne koristi<\/h2>\n<p> Tradicionalno velja, da kamni Ovna podpirajo vitalnost, vzdr\u017eljivost in mo\u010dno \u017eivljenjsko energijo \u2013 idealno za tiste, ki \u017eivijo aktivno in strastno. <\/p>\n<hr \/>\n<h2>Poravnava \u010daker<\/h2>\n<p> <a href=\"https:\/\/kingcrystal.eu\/sl\/root-chakra-muladhara\/\"><strong>Korenska \u010dakra (Muladhara)<\/strong><\/a><strong>:<\/strong> mo\u010d, ozemljitev, stabilnost. <a href=\"https:\/\/kingcrystal.eu\/sl\/sacral-chakar-savadhishthana\/\"><strong>Sakralna \u010dakra (Svadhisthana)<\/strong><\/a><strong>:<\/strong> strast, zagon, ustvarjalni ogenj. <\/p>\n<h2>Zodiakalna povezava<\/h2>\n<ul>\n<li><a href=\"https:\/\/kingcrystal.eu\/sl\/aries-zodiac\/\"><strong>Oven<\/strong><\/a> \u2014 pogum, vodstvo, drzna energija<\/li>\n<\/ul>\n<hr \/>\n<h2>Zakaj izbrati na\u0161o zapestnico z zodiakalnim znakom ovna?<\/h2>\n<ul>\n<li><strong>Vrhunska izbira kristalov, izbranih za energijo Ovna<\/strong> (Rde\u010di karneol, zlato tigrovo oko, hematit)<\/li>\n<li>Pristne naravne perle iz dragih kamnov s sijo\u010dim poliranjem<\/li>\n<li>Eti\u010dno pridobljeni kristali za zavestno mo\u010d<\/li>\n<li>Udobno prileganje z vzdr\u017eljivo raztegljivo vrvico \u2013 univerzalna velikost ustreza ve\u010dini<\/li>\n<li>Unisex dizajn \u2013 mo\u010dan nakit ali darilo z znakom zodiaka<\/li>\n<\/ul>\n<p><strong>Sprejmite pogum. Sprejmite dejanja. Sprejmite svoj notranji ogenj.<\/strong><\/p>\n<p><em>Zapestnica z zodiakalnim znakom ovna \u2013 kjer se drzna energija sre\u010da z neustra\u0161no mo\u010djo.<\/em><\/p>","protected":false},"excerpt":{"rendered":"<p><strong>Zapestnica z zodiakalnim znakom ovna<\/strong> Podpira pogum, vitalnost in drzno samozavest s kristali za motivacijo, za\u0161\u010dito in opolnomo\u010dene nove za\u010detke. Popolno za neustra\u0161no energijo Ovna.<\/p>","protected":false},"featured_media":4530,"comment_status":"closed","ping_status":"closed","template":"","meta":[],"product_brand":[],"product_cat":[56],"product_tag":[60],"class_list":{"0":"post-4713","1":"product","2":"type-product","3":"status-publish","4":"has-post-thumbnail","6":"product_cat-zodiac-bracelets","7":"product_tag-fire","9":"first","10":"instock","11":"taxable","12":"shipping-taxable","13":"purchasable","14":"product-type-variable","15":"has-default-attributes"},"yoast_head":"<!-- This site is optimized with the Yoast SEO Premium plugin v26.6 (Yoast SEO v26.6) - https:\/\/yoast.com\/wordpress\/plugins\/seo\/ -->\n<title>Aries Bracelet \u2648 - KingCrystal<\/title>\n<meta name=\"robots\" content=\"index, follow, max-snippet:-1, max-image-preview:large, max-video-preview:-1\" \/>\n<link rel=\"canonical\" href=\"https:\/\/kingcrystal.eu\/sl\/shop\/aries-bracelet\/\" \/>\n<meta property=\"og:locale\" content=\"sl_SI\" \/>\n<meta property=\"og:type\" content=\"article\" \/>\n<meta property=\"og:title\" content=\"Aries Bracelet \u2648\" \/>\n<meta property=\"og:description\" content=\"Aries Zodiac Bracelet supports courage, vitality, and bold confidence with crystals for motivation, protection, and empowered new beginnings. Perfect for fearless Aries energy.\" \/>\n<meta property=\"og:url\" content=\"https:\/\/kingcrystal.eu\/sl\/shop\/aries-bracelet\/\" \/>\n<meta property=\"og:site_name\" content=\"KingCrystal\" \/>\n<meta property=\"article:publisher\" content=\"https:\/\/www.facebook.com\/search\/top?q=kingcrystal\" \/>\n<meta property=\"article:modified_time\" content=\"2026-01-26T20:41:09+00:00\" \/>\n<meta property=\"og:image\" content=\"https:\/\/kingcrystal.eu\/wp-content\/uploads\/2020\/09\/aries-1-scaled-e1602196468187.jpg\" \/>\n\t<meta property=\"og:image:width\" content=\"1000\" \/>\n\t<meta property=\"og:image:height\" content=\"1000\" \/>\n\t<meta property=\"og:image:type\" content=\"image\/jpeg\" \/>\n<meta name=\"twitter:card\" content=\"summary_large_image\" \/>\n<meta name=\"twitter:label1\" content=\"Est. reading time\" \/>\n\t<meta name=\"twitter:data1\" content=\"1 minuta\" \/>\n<script type=\"application\/ld+json\" class=\"yoast-schema-graph\">{\"@context\":\"https:\/\/schema.org\",\"@graph\":[{\"@type\":\"WebPage\",\"@id\":\"https:\/\/kingcrystal.eu\/en\/shop\/aries-bracelet\/\",\"url\":\"https:\/\/kingcrystal.eu\/en\/shop\/aries-bracelet\/\",\"name\":\"Aries Bracelet \u2648 - KingCrystal\",\"isPartOf\":{\"@id\":\"https:\/\/kingcrystal.eu\/#website\"},\"primaryImageOfPage\":{\"@id\":\"https:\/\/kingcrystal.eu\/en\/shop\/aries-bracelet\/#primaryimage\"},\"image\":{\"@id\":\"https:\/\/kingcrystal.eu\/en\/shop\/aries-bracelet\/#primaryimage\"},\"thumbnailUrl\":\"https:\/\/kingcrystal.eu\/wp-content\/uploads\/2020\/09\/aries-1-scaled-e1602196468187.jpg\",\"datePublished\":\"2020-09-27T18:04:59+00:00\",\"dateModified\":\"2026-01-26T20:41:09+00:00\",\"breadcrumb\":{\"@id\":\"https:\/\/kingcrystal.eu\/en\/shop\/aries-bracelet\/#breadcrumb\"},\"inLanguage\":\"sl-SI\",\"potentialAction\":[{\"@type\":\"ReadAction\",\"target\":[\"https:\/\/kingcrystal.eu\/en\/shop\/aries-bracelet\/\"]}]},{\"@type\":\"ImageObject\",\"inLanguage\":\"sl-SI\",\"@id\":\"https:\/\/kingcrystal.eu\/en\/shop\/aries-bracelet\/#primaryimage\",\"url\":\"https:\/\/kingcrystal.eu\/wp-content\/uploads\/2020\/09\/aries-1-scaled-e1602196468187.jpg\",\"contentUrl\":\"https:\/\/kingcrystal.eu\/wp-content\/uploads\/2020\/09\/aries-1-scaled-e1602196468187.jpg\",\"width\":1000,\"height\":1000},{\"@type\":\"BreadcrumbList\",\"@id\":\"https:\/\/kingcrystal.eu\/en\/shop\/aries-bracelet\/#breadcrumb\",\"itemListElement\":[{\"@type\":\"ListItem\",\"position\":1,\"name\":\"Home\",\"item\":\"https:\/\/kingcrystal.eu\/en\/\"},{\"@type\":\"ListItem\",\"position\":2,\"name\":\"Shop\",\"item\":\"https:\/\/kingcrystal.eu\/shop\/\"},{\"@type\":\"ListItem\",\"position\":3,\"name\":\"Aries Bracelet \u2648\"}]},{\"@type\":\"WebSite\",\"@id\":\"https:\/\/kingcrystal.eu\/#website\",\"url\":\"https:\/\/kingcrystal.eu\/\",\"name\":\"KingCrystal\",\"description\":\"Finest Natural Jewelry\",\"publisher\":{\"@id\":\"https:\/\/kingcrystal.eu\/#organization\"},\"potentialAction\":[{\"@type\":\"SearchAction\",\"target\":{\"@type\":\"EntryPoint\",\"urlTemplate\":\"https:\/\/kingcrystal.eu\/?s={search_term_string}\"},\"query-input\":{\"@type\":\"PropertyValueSpecification\",\"valueRequired\":true,\"valueName\":\"search_term_string\"}}],\"inLanguage\":\"sl-SI\"},{\"@type\":\"Organization\",\"@id\":\"https:\/\/kingcrystal.eu\/#organization\",\"name\":\"KingCrystal\",\"url\":\"https:\/\/kingcrystal.eu\/\",\"logo\":{\"@type\":\"ImageObject\",\"inLanguage\":\"sl-SI\",\"@id\":\"https:\/\/kingcrystal.eu\/#\/schema\/logo\/image\/\",\"url\":\"https:\/\/kingcrystal.eu\/wp-content\/uploads\/2020\/10\/logo1kx1kCUT-1-300x181_c279f40044eecdd857ab4f753e0c45c8.png\",\"contentUrl\":\"https:\/\/kingcrystal.eu\/wp-content\/uploads\/2020\/10\/logo1kx1kCUT-1-300x181_c279f40044eecdd857ab4f753e0c45c8.png\",\"width\":300,\"height\":181,\"caption\":\"KingCrystal\"},\"image\":{\"@id\":\"https:\/\/kingcrystal.eu\/#\/schema\/logo\/image\/\"},\"sameAs\":[\"https:\/\/www.facebook.com\/search\/top?q=kingcrystal\",\"https:\/\/www.instagram.com\/kingcrystal.eu\/\"]}]}<\/script>\n<!-- \/ Yoast SEO Premium plugin. -->","yoast_head_json":{"title":"Aries Bracelet \u2648 - KingCrystal","robots":{"index":"index","follow":"follow","max-snippet":"max-snippet:-1","max-image-preview":"max-image-preview:large","max-video-preview":"max-video-preview:-1"},"canonical":"https:\/\/kingcrystal.eu\/sl\/shop\/aries-bracelet\/","og_locale":"sl_SI","og_type":"article","og_title":"Aries Bracelet \u2648","og_description":"Aries Zodiac Bracelet supports courage, vitality, and bold confidence with crystals for motivation, protection, and empowered new beginnings. Perfect for fearless Aries energy.","og_url":"https:\/\/kingcrystal.eu\/sl\/shop\/aries-bracelet\/","og_site_name":"KingCrystal","article_publisher":"https:\/\/www.facebook.com\/search\/top?q=kingcrystal","article_modified_time":"2026-01-26T20:41:09+00:00","og_image":[{"width":1000,"height":1000,"url":"https:\/\/kingcrystal.eu\/wp-content\/uploads\/2020\/09\/aries-1-scaled-e1602196468187.jpg","type":"image\/jpeg"}],"twitter_card":"summary_large_image","twitter_misc":{"Est. reading time":"1 minuta"},"schema":{"@context":"https:\/\/schema.org","@graph":[{"@type":"WebPage","@id":"https:\/\/kingcrystal.eu\/en\/shop\/aries-bracelet\/","url":"https:\/\/kingcrystal.eu\/en\/shop\/aries-bracelet\/","name":"Aries Bracelet \u2648 - KingCrystal","isPartOf":{"@id":"https:\/\/kingcrystal.eu\/#website"},"primaryImageOfPage":{"@id":"https:\/\/kingcrystal.eu\/en\/shop\/aries-bracelet\/#primaryimage"},"image":{"@id":"https:\/\/kingcrystal.eu\/en\/shop\/aries-bracelet\/#primaryimage"},"thumbnailUrl":"https:\/\/kingcrystal.eu\/wp-content\/uploads\/2020\/09\/aries-1-scaled-e1602196468187.jpg","datePublished":"2020-09-27T18:04:59+00:00","dateModified":"2026-01-26T20:41:09+00:00","breadcrumb":{"@id":"https:\/\/kingcrystal.eu\/en\/shop\/aries-bracelet\/#breadcrumb"},"inLanguage":"sl-SI","potentialAction":[{"@type":"ReadAction","target":["https:\/\/kingcrystal.eu\/en\/shop\/aries-bracelet\/"]}]},{"@type":"ImageObject","inLanguage":"sl-SI","@id":"https:\/\/kingcrystal.eu\/en\/shop\/aries-bracelet\/#primaryimage","url":"https:\/\/kingcrystal.eu\/wp-content\/uploads\/2020\/09\/aries-1-scaled-e1602196468187.jpg","contentUrl":"https:\/\/kingcrystal.eu\/wp-content\/uploads\/2020\/09\/aries-1-scaled-e1602196468187.jpg","width":1000,"height":1000},{"@type":"BreadcrumbList","@id":"https:\/\/kingcrystal.eu\/en\/shop\/aries-bracelet\/#breadcrumb","itemListElement":[{"@type":"ListItem","position":1,"name":"Home","item":"https:\/\/kingcrystal.eu\/en\/"},{"@type":"ListItem","position":2,"name":"Shop","item":"https:\/\/kingcrystal.eu\/shop\/"},{"@type":"ListItem","position":3,"name":"Aries Bracelet \u2648"}]},{"@type":"WebSite","@id":"https:\/\/kingcrystal.eu\/#website","url":"https:\/\/kingcrystal.eu\/","name":"KingCrystal","description":"Najbolj\u0161i naravni nakit","publisher":{"@id":"https:\/\/kingcrystal.eu\/#organization"},"potentialAction":[{"@type":"SearchAction","target":{"@type":"EntryPoint","urlTemplate":"https:\/\/kingcrystal.eu\/?s={search_term_string}"},"query-input":{"@type":"PropertyValueSpecification","valueRequired":true,"valueName":"search_term_string"}}],"inLanguage":"sl-SI"},{"@type":"Organization","@id":"https:\/\/kingcrystal.eu\/#organization","name":"KingCrystal","url":"https:\/\/kingcrystal.eu\/","logo":{"@type":"ImageObject","inLanguage":"sl-SI","@id":"https:\/\/kingcrystal.eu\/#\/schema\/logo\/image\/","url":"https:\/\/kingcrystal.eu\/wp-content\/uploads\/2020\/10\/logo1kx1kCUT-1-300x181_c279f40044eecdd857ab4f753e0c45c8.png","contentUrl":"https:\/\/kingcrystal.eu\/wp-content\/uploads\/2020\/10\/logo1kx1kCUT-1-300x181_c279f40044eecdd857ab4f753e0c45c8.png","width":300,"height":181,"caption":"KingCrystal"},"image":{"@id":"https:\/\/kingcrystal.eu\/#\/schema\/logo\/image\/"},"sameAs":["https:\/\/www.facebook.com\/search\/top?q=kingcrystal","https:\/\/www.instagram.com\/kingcrystal.eu\/"]}]}},"_links":{"self":[{"href":"https:\/\/kingcrystal.eu\/sl\/wp-json\/wp\/v2\/product\/4713","targetHints":{"allow":["GET"]}}],"collection":[{"href":"https:\/\/kingcrystal.eu\/sl\/wp-json\/wp\/v2\/product"}],"about":[{"href":"https:\/\/kingcrystal.eu\/sl\/wp-json\/wp\/v2\/types\/product"}],"replies":[{"embeddable":true,"href":"https:\/\/kingcrystal.eu\/sl\/wp-json\/wp\/v2\/comments?post=4713"}],"version-history":[{"count":1,"href":"https:\/\/kingcrystal.eu\/sl\/wp-json\/wp\/v2\/product\/4713\/revisions"}],"predecessor-version":[{"id":8334,"href":"https:\/\/kingcrystal.eu\/sl\/wp-json\/wp\/v2\/product\/4713\/revisions\/8334"}],"wp:featuredmedia":[{"embeddable":true,"href":"https:\/\/kingcrystal.eu\/sl\/wp-json\/wp\/v2\/media\/4530"}],"wp:attachment":[{"href":"https:\/\/kingcrystal.eu\/sl\/wp-json\/wp\/v2\/media?parent=4713"}],"wp:term":[{"taxonomy":"product_brand","embeddable":true,"href":"https:\/\/kingcrystal.eu\/sl\/wp-json\/wp\/v2\/product_brand?post=4713"},{"taxonomy":"product_cat","embeddable":true,"href":"https:\/\/kingcrystal.eu\/sl\/wp-json\/wp\/v2\/product_cat?post=4713"},{"taxonomy":"product_tag","embeddable":true,"href":"https:\/\/kingcrystal.eu\/sl\/wp-json\/wp\/v2\/product_tag?post=4713"}],"curies":[{"name":"delovni list","href":"https:\/\/api.w.org\/{rel}","templated":true}]}}