{"id":4684,"date":"2020-09-27T17:38:48","date_gmt":"2020-09-27T17:38:48","guid":{"rendered":"https:\/\/kingcrystal.eu\/?post_type=product&#038;p=4684"},"modified":"2026-01-26T21:25:35","modified_gmt":"2026-01-26T20:25:35","slug":"scorpio-bracelet","status":"publish","type":"product","link":"https:\/\/kingcrystal.eu\/sl\/shop\/scorpio-bracelet\/","title":{"rendered":"Zapestnica \u0160korpijon \u264f"},"content":{"rendered":"<h1 style=\"text-align: center;\">Zapestnica zodiaka \u0160korpijon \u2013 vrhunska kristalna zapestnica za strast, preobrazbo in notranjo mo\u010d<\/h1>\n<p><strong>Zapestnica z zodiakalnim znakom \u0161korpijona<\/strong> je mo\u010dna astrolo\u0161ko navdihnjena kristalna zapestnica, zasnovana za podporo intenzivni, strastni in transformacijski energiji \u0160korpijona (23. oktober \u2013 21. november). Izdelana z izbranimi zdravilnimi dragimi kamni, ki odmevajo s \u0160korpijonovimi temeljnimi mo\u010dmi \u2013 intuicijo, odpornostjo, osredoto\u010denostjo in \u010dustveno globino \u2013 ta zapestnica zdru\u017euje duhovni pomen z elegantno nosljivo energijo.<\/p>\n<p>\u0160korpijoni so znani po svoji odlo\u010dnosti, globini in sposobnosti, da se z mo\u010djo in pogumom spopadajo z izzivi. Ta vrhunska kristalna zapestnica pomaga uravnote\u017eiti \u010dustveno intenzivnost \u0160korpijona, okrepiti notranji vpogled in spodbujati jasnost, hkrati pa nudi za\u0161\u010dito in ozemljitev za vsakdanje \u017eivljenje.<\/p>\n<hr \/>\n<h2>Duhovne koristi<\/h2>\n<p> Ta zapestnica s kristali \u0160korpijon krepi duhovni vpogled in intuicijo ter podpira va\u0161o povezavo s strastjo, preobrazbo in notranjo mo\u010djo. Njeni dragi kamni vas vodijo skozi prehode s pogumom in jasnostjo. :contentReference[oaicite:1]{index=1} <\/p>\n<h2>\u010custvene koristi<\/h2>\n<p> \u0160korpijonova \u010dustvena energija je globoka in intenzivna; ta zapestnica spodbuja ravnovesje, \u010dustveno odpornost in samozavedanje. Podpira \u0160korpijona pri spro\u0161\u010danju stresa, opu\u0161\u010danju negativnosti in sprejemanju \u010dustvene rasti. :contentReference[oaicite:2]{index=2} <\/p>\n<h2>Du\u0161evne koristi<\/h2>\n<p> Ta zapestnica, zasnovana za podporo osredoto\u010denosti, odlo\u010dnosti in jasnemu razmi\u0161ljanju, spodbuja mirno jasnost med odlo\u010danjem in osebno preobrazbo. Njeni dragi kamni pomagajo prizemljiti mentalno energijo in okrepiti notranjo mo\u010d. :contentReference[oaicite:3]{index=3} <\/p>\n<h2>Fizi\u010dne koristi<\/h2>\n<p> \u010ceprav se posamezne koristi kristalov razlikujejo, tradicionalno velja, da dragi kamni v znamenju \u0161korpijona podpirajo vitalnost, ravnovesje in energijsko za\u0161\u010dito \u2013 pomagajo vam ostati prizemljeni in osredoto\u010deni \u010dez dan. :contentReference[oaicite:4]{index=4} <\/p>\n<hr \/>\n<h2>Poravnava \u010daker<\/h2>\n<p> <a href=\"https:\/\/kingcrystal.eu\/sl\/third-eye-chakra-ajna\/\"><strong>\u010cakra tretjega o\u010desa (Ajna)<\/strong><\/a><strong>:<\/strong> intuicija, notranji vid, jasnost. <a href=\"https:\/\/kingcrystal.eu\/sl\/solar-plexus-chakra-manipura\/\"><strong>\u010cakra solarnega pleksusa (Manipura)<\/strong><\/a><strong>:<\/strong> samozavest, mo\u010d volje, preobrazba. <\/p>\n<h2>Zodiakalna povezava<\/h2>\n<ul>\n<li><a href=\"https:\/\/kingcrystal.eu\/sl\/scorpio-zodiac\/\"><strong>\u0160korpijon<\/strong><\/a> \u2014 strast, preobrazba, \u010dustvena globina<\/li>\n<li><a href=\"https:\/\/kingcrystal.eu\/sl\/cancer-zodiac\/\"><strong>Rak<\/strong><\/a> \u2014 \u010dustvena harmonija in ob\u010dutljivost<\/li>\n<li><a href=\"https:\/\/kingcrystal.eu\/sl\/pisces-zodiac\/\"><strong>Ribi<\/strong><\/a> \u2014 intuicija in duhovna zavest<\/li>\n<\/ul>\n<hr \/>\n<h2>Zakaj izbrati na\u0161o zapestnico z zodiakalnim znakom \u0161korpijon?<\/h2>\n<ul>\n<li>Vrhunska izbira kristalov, izbranih za energijo \u0160korpijona (npr. ametist, malahit, citrin, sne\u017einkasti obsidian, akvamarin, sodalit)<\/li>\n<li>Pristne naravne perle iz dragih kamnov z elegantnim poliranjem<\/li>\n<li>Eti\u010dno pridobljeni materiali z visokimi vibracijami<\/li>\n<li>Udobno prileganje z vzdr\u017eljivo raztegljivo vrvico \u2013 univerzalna velikost ustreza ve\u010dini<\/li>\n<li>Unisex dizajn \u2013 pomenljiv astrolo\u0161ki dodatek ali darilo<\/li>\n<\/ul>\n<p><strong>Sprejmite svojo strast. Sprejmite svojo preobrazbo. Sprejmite svojo notranjo mo\u010d.<\/strong><\/p>\n<p><em>Zapestnica z zodiakalnim znakom \u0161korpijona \u2013 kjer se kozmi\u010dna energija sre\u010da z vsakdanjo mo\u010djo.<\/em><\/p>\n<hr style=\"margin:50px 0;\" \/>\n<h2 style=\"margin-top:40px;\">Zakaj izbrati na\u0161o zapestnico z zodiakalnim znakom \u0161korpijon?<\/h2>\n<ul>\n<li><strong>Vrhunska izbira kristalov, izbranih za energijo \u0160korpijona<\/strong> (Ametist, labradorit, hematit, \u010drni turmalin)<\/li>\n<li>Pristne naravne perle iz dragih kamnov z elegantnim poliranjem<\/li>\n<li>Eti\u010dno pridobljeni materiali z visokimi vibracijami<\/li>\n<li>Udobno prileganje z vzdr\u017eljivo raztegljivo vrvico \u2013 univerzalna velikost ustreza ve\u010dini<\/li>\n<li>Unisex dizajn \u2013 pomenljiv astrolo\u0161ki dodatek ali luksuzno darilo<\/li>\n<\/ul>\n<p><strong>Sprejmite svojo strast. Sprejmite svojo preobrazbo. Sprejmite svojo notranjo mo\u010d.<\/strong><\/p>\n<p><em>Zapestnica z zodiakalnim znakom \u0161korpijona \u2013 kjer se kozmi\u010dna energija sre\u010da z vsakdanjo mo\u010djo.<\/em><\/p>","protected":false},"excerpt":{"rendered":"<p><strong>Zapestnica z zodiakalnim znakom \u0161korpijona<\/strong> Usmerja intenzivno, strastno energijo \u0160korpijona (23. oktober \u2013 21. november). Izdelana z mo\u010dnimi dragimi kamni za podporo intuicije, transformacije, \u010dustvenega ravnovesja in notranje mo\u010di \u2013 pomenljiva astrolo\u0161ka zapestnica za duhovno opolnomo\u010denje in vsakodnevno samozavest.<\/p>","protected":false},"featured_media":4519,"comment_status":"closed","ping_status":"closed","template":"","meta":[],"product_brand":[],"product_cat":[56],"product_tag":[62],"class_list":{"0":"post-4684","1":"product","2":"type-product","3":"status-publish","4":"has-post-thumbnail","6":"product_cat-zodiac-bracelets","7":"product_tag-water","9":"first","10":"instock","11":"taxable","12":"shipping-taxable","13":"purchasable","14":"product-type-variable","15":"has-default-attributes"},"yoast_head":"<!-- This site is optimized with the Yoast SEO Premium plugin v26.6 (Yoast SEO v26.6) - https:\/\/yoast.com\/wordpress\/plugins\/seo\/ -->\n<title>Scorpio Bracelet \u264f - KingCrystal<\/title>\n<meta name=\"robots\" content=\"index, follow, max-snippet:-1, max-image-preview:large, max-video-preview:-1\" \/>\n<link rel=\"canonical\" href=\"https:\/\/kingcrystal.eu\/sl\/shop\/scorpio-bracelet\/\" \/>\n<meta property=\"og:locale\" content=\"sl_SI\" \/>\n<meta property=\"og:type\" content=\"article\" \/>\n<meta property=\"og:title\" content=\"Scorpio Bracelet \u264f\" \/>\n<meta property=\"og:description\" content=\"Scorpio Zodiac Bracelet channels the intense, passionate energy of Scorpio (October 23 \u2013 November 21). Crafted with powerful gemstones to support intuition, transformation, emotional balance, and inner strength \u2014 a meaningful astrology bracelet for spiritual empowerment and everyday confidence.\" \/>\n<meta property=\"og:url\" content=\"https:\/\/kingcrystal.eu\/sl\/shop\/scorpio-bracelet\/\" \/>\n<meta property=\"og:site_name\" content=\"KingCrystal\" \/>\n<meta property=\"article:publisher\" content=\"https:\/\/www.facebook.com\/search\/top?q=kingcrystal\" \/>\n<meta property=\"article:modified_time\" content=\"2026-01-26T20:25:35+00:00\" \/>\n<meta property=\"og:image\" content=\"https:\/\/kingcrystal.eu\/wp-content\/uploads\/2020\/09\/scorpio-2-scaled-e1602196533757.jpg\" \/>\n\t<meta property=\"og:image:width\" content=\"1000\" \/>\n\t<meta property=\"og:image:height\" content=\"1000\" \/>\n\t<meta property=\"og:image:type\" content=\"image\/jpeg\" \/>\n<meta name=\"twitter:card\" content=\"summary_large_image\" \/>\n<meta name=\"twitter:label1\" content=\"Est. reading time\" \/>\n\t<meta name=\"twitter:data1\" content=\"2 minuti\" \/>\n<script type=\"application\/ld+json\" class=\"yoast-schema-graph\">{\"@context\":\"https:\/\/schema.org\",\"@graph\":[{\"@type\":\"WebPage\",\"@id\":\"https:\/\/kingcrystal.eu\/en\/shop\/scorpio-bracelet\/\",\"url\":\"https:\/\/kingcrystal.eu\/en\/shop\/scorpio-bracelet\/\",\"name\":\"Scorpio Bracelet \u264f - KingCrystal\",\"isPartOf\":{\"@id\":\"https:\/\/kingcrystal.eu\/#website\"},\"primaryImageOfPage\":{\"@id\":\"https:\/\/kingcrystal.eu\/en\/shop\/scorpio-bracelet\/#primaryimage\"},\"image\":{\"@id\":\"https:\/\/kingcrystal.eu\/en\/shop\/scorpio-bracelet\/#primaryimage\"},\"thumbnailUrl\":\"https:\/\/kingcrystal.eu\/wp-content\/uploads\/2020\/09\/scorpio-2-scaled-e1602196533757.jpg\",\"datePublished\":\"2020-09-27T17:38:48+00:00\",\"dateModified\":\"2026-01-26T20:25:35+00:00\",\"breadcrumb\":{\"@id\":\"https:\/\/kingcrystal.eu\/en\/shop\/scorpio-bracelet\/#breadcrumb\"},\"inLanguage\":\"sl-SI\",\"potentialAction\":[{\"@type\":\"ReadAction\",\"target\":[\"https:\/\/kingcrystal.eu\/en\/shop\/scorpio-bracelet\/\"]}]},{\"@type\":\"ImageObject\",\"inLanguage\":\"sl-SI\",\"@id\":\"https:\/\/kingcrystal.eu\/en\/shop\/scorpio-bracelet\/#primaryimage\",\"url\":\"https:\/\/kingcrystal.eu\/wp-content\/uploads\/2020\/09\/scorpio-2-scaled-e1602196533757.jpg\",\"contentUrl\":\"https:\/\/kingcrystal.eu\/wp-content\/uploads\/2020\/09\/scorpio-2-scaled-e1602196533757.jpg\",\"width\":1000,\"height\":1000},{\"@type\":\"BreadcrumbList\",\"@id\":\"https:\/\/kingcrystal.eu\/en\/shop\/scorpio-bracelet\/#breadcrumb\",\"itemListElement\":[{\"@type\":\"ListItem\",\"position\":1,\"name\":\"Home\",\"item\":\"https:\/\/kingcrystal.eu\/en\/\"},{\"@type\":\"ListItem\",\"position\":2,\"name\":\"Shop\",\"item\":\"https:\/\/kingcrystal.eu\/shop\/\"},{\"@type\":\"ListItem\",\"position\":3,\"name\":\"Scorpio Bracelet \u264f\"}]},{\"@type\":\"WebSite\",\"@id\":\"https:\/\/kingcrystal.eu\/#website\",\"url\":\"https:\/\/kingcrystal.eu\/\",\"name\":\"KingCrystal\",\"description\":\"Finest Natural Jewelry\",\"publisher\":{\"@id\":\"https:\/\/kingcrystal.eu\/#organization\"},\"potentialAction\":[{\"@type\":\"SearchAction\",\"target\":{\"@type\":\"EntryPoint\",\"urlTemplate\":\"https:\/\/kingcrystal.eu\/?s={search_term_string}\"},\"query-input\":{\"@type\":\"PropertyValueSpecification\",\"valueRequired\":true,\"valueName\":\"search_term_string\"}}],\"inLanguage\":\"sl-SI\"},{\"@type\":\"Organization\",\"@id\":\"https:\/\/kingcrystal.eu\/#organization\",\"name\":\"KingCrystal\",\"url\":\"https:\/\/kingcrystal.eu\/\",\"logo\":{\"@type\":\"ImageObject\",\"inLanguage\":\"sl-SI\",\"@id\":\"https:\/\/kingcrystal.eu\/#\/schema\/logo\/image\/\",\"url\":\"https:\/\/kingcrystal.eu\/wp-content\/uploads\/2020\/10\/logo1kx1kCUT-1-300x181_c279f40044eecdd857ab4f753e0c45c8.png\",\"contentUrl\":\"https:\/\/kingcrystal.eu\/wp-content\/uploads\/2020\/10\/logo1kx1kCUT-1-300x181_c279f40044eecdd857ab4f753e0c45c8.png\",\"width\":300,\"height\":181,\"caption\":\"KingCrystal\"},\"image\":{\"@id\":\"https:\/\/kingcrystal.eu\/#\/schema\/logo\/image\/\"},\"sameAs\":[\"https:\/\/www.facebook.com\/search\/top?q=kingcrystal\",\"https:\/\/www.instagram.com\/kingcrystal.eu\/\"]}]}<\/script>\n<!-- \/ Yoast SEO Premium plugin. -->","yoast_head_json":{"title":"Scorpio Bracelet \u264f - KingCrystal","robots":{"index":"index","follow":"follow","max-snippet":"max-snippet:-1","max-image-preview":"max-image-preview:large","max-video-preview":"max-video-preview:-1"},"canonical":"https:\/\/kingcrystal.eu\/sl\/shop\/scorpio-bracelet\/","og_locale":"sl_SI","og_type":"article","og_title":"Scorpio Bracelet \u264f","og_description":"Scorpio Zodiac Bracelet channels the intense, passionate energy of Scorpio (October 23 \u2013 November 21). Crafted with powerful gemstones to support intuition, transformation, emotional balance, and inner strength \u2014 a meaningful astrology bracelet for spiritual empowerment and everyday confidence.","og_url":"https:\/\/kingcrystal.eu\/sl\/shop\/scorpio-bracelet\/","og_site_name":"KingCrystal","article_publisher":"https:\/\/www.facebook.com\/search\/top?q=kingcrystal","article_modified_time":"2026-01-26T20:25:35+00:00","og_image":[{"width":1000,"height":1000,"url":"https:\/\/kingcrystal.eu\/wp-content\/uploads\/2020\/09\/scorpio-2-scaled-e1602196533757.jpg","type":"image\/jpeg"}],"twitter_card":"summary_large_image","twitter_misc":{"Est. reading time":"2 minuti"},"schema":{"@context":"https:\/\/schema.org","@graph":[{"@type":"WebPage","@id":"https:\/\/kingcrystal.eu\/en\/shop\/scorpio-bracelet\/","url":"https:\/\/kingcrystal.eu\/en\/shop\/scorpio-bracelet\/","name":"Scorpio Bracelet \u264f - KingCrystal","isPartOf":{"@id":"https:\/\/kingcrystal.eu\/#website"},"primaryImageOfPage":{"@id":"https:\/\/kingcrystal.eu\/en\/shop\/scorpio-bracelet\/#primaryimage"},"image":{"@id":"https:\/\/kingcrystal.eu\/en\/shop\/scorpio-bracelet\/#primaryimage"},"thumbnailUrl":"https:\/\/kingcrystal.eu\/wp-content\/uploads\/2020\/09\/scorpio-2-scaled-e1602196533757.jpg","datePublished":"2020-09-27T17:38:48+00:00","dateModified":"2026-01-26T20:25:35+00:00","breadcrumb":{"@id":"https:\/\/kingcrystal.eu\/en\/shop\/scorpio-bracelet\/#breadcrumb"},"inLanguage":"sl-SI","potentialAction":[{"@type":"ReadAction","target":["https:\/\/kingcrystal.eu\/en\/shop\/scorpio-bracelet\/"]}]},{"@type":"ImageObject","inLanguage":"sl-SI","@id":"https:\/\/kingcrystal.eu\/en\/shop\/scorpio-bracelet\/#primaryimage","url":"https:\/\/kingcrystal.eu\/wp-content\/uploads\/2020\/09\/scorpio-2-scaled-e1602196533757.jpg","contentUrl":"https:\/\/kingcrystal.eu\/wp-content\/uploads\/2020\/09\/scorpio-2-scaled-e1602196533757.jpg","width":1000,"height":1000},{"@type":"BreadcrumbList","@id":"https:\/\/kingcrystal.eu\/en\/shop\/scorpio-bracelet\/#breadcrumb","itemListElement":[{"@type":"ListItem","position":1,"name":"Home","item":"https:\/\/kingcrystal.eu\/en\/"},{"@type":"ListItem","position":2,"name":"Shop","item":"https:\/\/kingcrystal.eu\/shop\/"},{"@type":"ListItem","position":3,"name":"Scorpio Bracelet \u264f"}]},{"@type":"WebSite","@id":"https:\/\/kingcrystal.eu\/#website","url":"https:\/\/kingcrystal.eu\/","name":"KingCrystal","description":"Najbolj\u0161i naravni nakit","publisher":{"@id":"https:\/\/kingcrystal.eu\/#organization"},"potentialAction":[{"@type":"SearchAction","target":{"@type":"EntryPoint","urlTemplate":"https:\/\/kingcrystal.eu\/?s={search_term_string}"},"query-input":{"@type":"PropertyValueSpecification","valueRequired":true,"valueName":"search_term_string"}}],"inLanguage":"sl-SI"},{"@type":"Organization","@id":"https:\/\/kingcrystal.eu\/#organization","name":"KingCrystal","url":"https:\/\/kingcrystal.eu\/","logo":{"@type":"ImageObject","inLanguage":"sl-SI","@id":"https:\/\/kingcrystal.eu\/#\/schema\/logo\/image\/","url":"https:\/\/kingcrystal.eu\/wp-content\/uploads\/2020\/10\/logo1kx1kCUT-1-300x181_c279f40044eecdd857ab4f753e0c45c8.png","contentUrl":"https:\/\/kingcrystal.eu\/wp-content\/uploads\/2020\/10\/logo1kx1kCUT-1-300x181_c279f40044eecdd857ab4f753e0c45c8.png","width":300,"height":181,"caption":"KingCrystal"},"image":{"@id":"https:\/\/kingcrystal.eu\/#\/schema\/logo\/image\/"},"sameAs":["https:\/\/www.facebook.com\/search\/top?q=kingcrystal","https:\/\/www.instagram.com\/kingcrystal.eu\/"]}]}},"_links":{"self":[{"href":"https:\/\/kingcrystal.eu\/sl\/wp-json\/wp\/v2\/product\/4684","targetHints":{"allow":["GET"]}}],"collection":[{"href":"https:\/\/kingcrystal.eu\/sl\/wp-json\/wp\/v2\/product"}],"about":[{"href":"https:\/\/kingcrystal.eu\/sl\/wp-json\/wp\/v2\/types\/product"}],"replies":[{"embeddable":true,"href":"https:\/\/kingcrystal.eu\/sl\/wp-json\/wp\/v2\/comments?post=4684"}],"version-history":[{"count":2,"href":"https:\/\/kingcrystal.eu\/sl\/wp-json\/wp\/v2\/product\/4684\/revisions"}],"predecessor-version":[{"id":8318,"href":"https:\/\/kingcrystal.eu\/sl\/wp-json\/wp\/v2\/product\/4684\/revisions\/8318"}],"wp:featuredmedia":[{"embeddable":true,"href":"https:\/\/kingcrystal.eu\/sl\/wp-json\/wp\/v2\/media\/4519"}],"wp:attachment":[{"href":"https:\/\/kingcrystal.eu\/sl\/wp-json\/wp\/v2\/media?parent=4684"}],"wp:term":[{"taxonomy":"product_brand","embeddable":true,"href":"https:\/\/kingcrystal.eu\/sl\/wp-json\/wp\/v2\/product_brand?post=4684"},{"taxonomy":"product_cat","embeddable":true,"href":"https:\/\/kingcrystal.eu\/sl\/wp-json\/wp\/v2\/product_cat?post=4684"},{"taxonomy":"product_tag","embeddable":true,"href":"https:\/\/kingcrystal.eu\/sl\/wp-json\/wp\/v2\/product_tag?post=4684"}],"curies":[{"name":"delovni list","href":"https:\/\/api.w.org\/{rel}","templated":true}]}}