{"id":4669,"date":"2020-09-27T17:30:12","date_gmt":"2020-09-27T17:30:12","guid":{"rendered":"https:\/\/kingcrystal.eu\/?post_type=product&#038;p=4669"},"modified":"2026-01-26T21:34:15","modified_gmt":"2026-01-26T20:34:15","slug":"gemini-bracelet","status":"publish","type":"product","link":"https:\/\/kingcrystal.eu\/sl\/shop\/gemini-bracelet\/","title":{"rendered":"Zapestnica Dvoj\u010dka \u264a"},"content":{"rendered":"<h1 style=\"text-align: center;\">Zapestnica z zodiakalnim znakom Gemini \u2013 vrhunska kristalna zapestnica za jasnost, komunikacijo in uravnote\u017eeno energijo<\/h1>\n<p><strong>Zapestnica z zodiakalnim znakom dvoj\u010dkov<\/strong> je zapestnica iz dragih kamnov, navdihnjena z astrologijo, izdelana za podporo inteligentni, radovedni in prilagodljivi energiji Dvoj\u010dkov (21. maj \u2013 20. junij). Dvoj\u010dki so znamenje komunikacije, mentalne briljantnosti, vsestranskosti in dru\u017ebene povezanosti \u2013 vedno se u\u010dijo, raziskujejo in razvijajo.<\/p>\n<p>Ta luksuzna zapestnica z zodiakom je zasnovana s kristali, ki krepijo osredoto\u010denost, jasnost, samozavest in \u010dustveno ravnovesje ter pomagajo Dvoj\u010dkom ostati prizemljeni, hkrati pa sprejemajo svojo naravno iskro in ustvarjalnost.<\/p>\n<hr \/>\n<h2>Duhovne koristi<\/h2>\n<p> Kristali Gemini podpirajo notranjo usklajenost, energijsko jasnost in duhovno ravnovesje. Ta zapestnica pomaga umiriti razpr\u0161eno energijo in krepi povezavo z vi\u0161jo modrostjo in namenom. <\/p>\n<h2>\u010custvene koristi<\/h2>\n<p> Energija dvoj\u010dkov je hitro spreminjajo\u010da se in pogosto preve\u010d stimulirana. Ta zapestnica spodbuja umirjenost, \u010dustveno stabilnost in mir, pomaga zmanj\u0161ati tesnobo in obnoviti harmonijo. <\/p>\n<h2>Du\u0161evne koristi<\/h2>\n<p> Dragi kamni Gemini, zasnovani za podporo jasnosti, osredoto\u010denosti in komunikaciji, krepijo mentalno ostrino, uravnote\u017eeno razmi\u0161ljanje in samozavestno samoizra\u017eanje. <\/p>\n<h2>Fizi\u010dne koristi<\/h2>\n<p> Tradicionalno velja, da kamni Gemini podpirajo umirjenost \u017eiv\u010dnega sistema, energijsko ravnovesje in vsakodnevno vitalnost za aktivne ume in dru\u017eabni duh. <\/p>\n<hr \/>\n<h2>Poravnava \u010daker<\/h2>\n<p> <a href=\"https:\/\/kingcrystal.eu\/sl\/throat-chakra-vishuddha\/\"><strong>Grlena \u010dakra (Vi\u0161uddha)<\/strong><\/a><strong>:<\/strong> komunikacija, resnica, izra\u017eanje. <a href=\"https:\/\/kingcrystal.eu\/sl\/third-eye-chakra-ajna\/\"><strong>\u010cakra tretjega o\u010desa (Ajna)<\/strong><\/a><strong>:<\/strong> jasnost, vpogled, mentalna zavedanje. <\/p>\n<h2>Zodiakalna povezava<\/h2>\n<ul>\n<li><a href=\"https:\/\/kingcrystal.eu\/sl\/gemini-zodiac\/\"><strong>Dvoj\u010dka<\/strong><\/a> \u2014 prilagodljivost, inteligenca, komunikativnost<\/li>\n<\/ul>\n<hr \/>\n<h2>Zakaj izbrati na\u0161o zapestnico z zodiakalnim znakom Gemini?<\/h2>\n<ul>\n<li><strong>Vrhunska izbira kristalov, izbranih za energijo Dvoj\u010dkov<\/strong> (Modri fluorit, zlato tigrovo oko, ametist)<\/li>\n<li>Pristne naravne perle iz dragih kamnov z luksuznim lakom<\/li>\n<li>Eti\u010dno pridobljeni visokovibracijski kristali<\/li>\n<li>Udobno prileganje z vzdr\u017eljivo raztegljivo vrvico \u2013 univerzalna velikost ustreza ve\u010dini<\/li>\n<li>Unisex dizajn \u2013 pomenljiv nakit ali darilo z zodiakom<\/li>\n<\/ul>\n<p><strong>Sprejmite jasnost. Sprejmite izraznost. Sprejmite uravnote\u017een sijaj.<\/strong><\/p>\n<p><em>Zapestnica z zodiakalnim znakom Gemini \u2013 kjer se intelekt sre\u010da z duhovno harmonijo.<\/em><\/p>","protected":false},"excerpt":{"rendered":"<p><strong>Zapestnica z zodiakalnim znakom dvoj\u010dkov<\/strong> Podpira komunikacijo, jasnost in uravnote\u017eeno energijo s kristali za osredoto\u010denost, mirno razmi\u0161ljanje in samozavestno samoizra\u017eanje. Popolno za radovedne dvoj\u010dke.<\/p>","protected":false},"featured_media":5942,"comment_status":"closed","ping_status":"closed","template":"","meta":[],"product_brand":[],"product_cat":[56],"product_tag":[61],"class_list":{"0":"post-4669","1":"product","2":"type-product","3":"status-publish","4":"has-post-thumbnail","6":"product_cat-zodiac-bracelets","7":"product_tag-air","9":"first","10":"instock","11":"taxable","12":"shipping-taxable","13":"purchasable","14":"product-type-variable","15":"has-default-attributes"},"yoast_head":"<!-- This site is optimized with the Yoast SEO Premium plugin v26.6 (Yoast SEO v26.6) - https:\/\/yoast.com\/wordpress\/plugins\/seo\/ -->\n<title>Gemini Bracelet \u264a - KingCrystal<\/title>\n<meta name=\"robots\" content=\"index, follow, max-snippet:-1, max-image-preview:large, max-video-preview:-1\" \/>\n<link rel=\"canonical\" href=\"https:\/\/kingcrystal.eu\/sl\/shop\/gemini-bracelet\/\" \/>\n<meta property=\"og:locale\" content=\"sl_SI\" \/>\n<meta property=\"og:type\" content=\"article\" \/>\n<meta property=\"og:title\" content=\"Gemini Bracelet \u264a\" \/>\n<meta property=\"og:description\" content=\"Gemini Zodiac Bracelet supports communication, clarity, and balanced energy with crystals for focus, calm thinking, and confident self-expression. Perfect for curious Gemini minds.\" \/>\n<meta property=\"og:url\" content=\"https:\/\/kingcrystal.eu\/sl\/shop\/gemini-bracelet\/\" \/>\n<meta property=\"og:site_name\" content=\"KingCrystal\" \/>\n<meta property=\"article:publisher\" content=\"https:\/\/www.facebook.com\/search\/top?q=kingcrystal\" \/>\n<meta property=\"article:modified_time\" content=\"2026-01-26T20:34:15+00:00\" \/>\n<meta property=\"og:image\" content=\"https:\/\/kingcrystal.eu\/wp-content\/uploads\/2020\/09\/gemini-3-scaled-e1602196388308-1.png\" \/>\n\t<meta property=\"og:image:width\" content=\"1000\" \/>\n\t<meta property=\"og:image:height\" content=\"1000\" \/>\n\t<meta property=\"og:image:type\" content=\"image\/png\" \/>\n<meta name=\"twitter:card\" content=\"summary_large_image\" \/>\n<meta name=\"twitter:label1\" content=\"Est. reading time\" \/>\n\t<meta name=\"twitter:data1\" content=\"1 minuta\" \/>\n<script type=\"application\/ld+json\" class=\"yoast-schema-graph\">{\"@context\":\"https:\/\/schema.org\",\"@graph\":[{\"@type\":\"WebPage\",\"@id\":\"https:\/\/kingcrystal.eu\/en\/shop\/gemini-bracelet\/\",\"url\":\"https:\/\/kingcrystal.eu\/en\/shop\/gemini-bracelet\/\",\"name\":\"Gemini Bracelet \u264a - KingCrystal\",\"isPartOf\":{\"@id\":\"https:\/\/kingcrystal.eu\/#website\"},\"primaryImageOfPage\":{\"@id\":\"https:\/\/kingcrystal.eu\/en\/shop\/gemini-bracelet\/#primaryimage\"},\"image\":{\"@id\":\"https:\/\/kingcrystal.eu\/en\/shop\/gemini-bracelet\/#primaryimage\"},\"thumbnailUrl\":\"https:\/\/kingcrystal.eu\/wp-content\/uploads\/2020\/09\/gemini-3-scaled-e1602196388308-1.png\",\"datePublished\":\"2020-09-27T17:30:12+00:00\",\"dateModified\":\"2026-01-26T20:34:15+00:00\",\"breadcrumb\":{\"@id\":\"https:\/\/kingcrystal.eu\/en\/shop\/gemini-bracelet\/#breadcrumb\"},\"inLanguage\":\"sl-SI\",\"potentialAction\":[{\"@type\":\"ReadAction\",\"target\":[\"https:\/\/kingcrystal.eu\/en\/shop\/gemini-bracelet\/\"]}]},{\"@type\":\"ImageObject\",\"inLanguage\":\"sl-SI\",\"@id\":\"https:\/\/kingcrystal.eu\/en\/shop\/gemini-bracelet\/#primaryimage\",\"url\":\"https:\/\/kingcrystal.eu\/wp-content\/uploads\/2020\/09\/gemini-3-scaled-e1602196388308-1.png\",\"contentUrl\":\"https:\/\/kingcrystal.eu\/wp-content\/uploads\/2020\/09\/gemini-3-scaled-e1602196388308-1.png\",\"width\":1000,\"height\":1000},{\"@type\":\"BreadcrumbList\",\"@id\":\"https:\/\/kingcrystal.eu\/en\/shop\/gemini-bracelet\/#breadcrumb\",\"itemListElement\":[{\"@type\":\"ListItem\",\"position\":1,\"name\":\"Home\",\"item\":\"https:\/\/kingcrystal.eu\/en\/\"},{\"@type\":\"ListItem\",\"position\":2,\"name\":\"Shop\",\"item\":\"https:\/\/kingcrystal.eu\/shop\/\"},{\"@type\":\"ListItem\",\"position\":3,\"name\":\"Gemini Bracelet \u264a\"}]},{\"@type\":\"WebSite\",\"@id\":\"https:\/\/kingcrystal.eu\/#website\",\"url\":\"https:\/\/kingcrystal.eu\/\",\"name\":\"KingCrystal\",\"description\":\"Finest Natural Jewelry\",\"publisher\":{\"@id\":\"https:\/\/kingcrystal.eu\/#organization\"},\"potentialAction\":[{\"@type\":\"SearchAction\",\"target\":{\"@type\":\"EntryPoint\",\"urlTemplate\":\"https:\/\/kingcrystal.eu\/?s={search_term_string}\"},\"query-input\":{\"@type\":\"PropertyValueSpecification\",\"valueRequired\":true,\"valueName\":\"search_term_string\"}}],\"inLanguage\":\"sl-SI\"},{\"@type\":\"Organization\",\"@id\":\"https:\/\/kingcrystal.eu\/#organization\",\"name\":\"KingCrystal\",\"url\":\"https:\/\/kingcrystal.eu\/\",\"logo\":{\"@type\":\"ImageObject\",\"inLanguage\":\"sl-SI\",\"@id\":\"https:\/\/kingcrystal.eu\/#\/schema\/logo\/image\/\",\"url\":\"https:\/\/kingcrystal.eu\/wp-content\/uploads\/2020\/10\/logo1kx1kCUT-1-300x181_c279f40044eecdd857ab4f753e0c45c8.png\",\"contentUrl\":\"https:\/\/kingcrystal.eu\/wp-content\/uploads\/2020\/10\/logo1kx1kCUT-1-300x181_c279f40044eecdd857ab4f753e0c45c8.png\",\"width\":300,\"height\":181,\"caption\":\"KingCrystal\"},\"image\":{\"@id\":\"https:\/\/kingcrystal.eu\/#\/schema\/logo\/image\/\"},\"sameAs\":[\"https:\/\/www.facebook.com\/search\/top?q=kingcrystal\",\"https:\/\/www.instagram.com\/kingcrystal.eu\/\"]}]}<\/script>\n<!-- \/ Yoast SEO Premium plugin. -->","yoast_head_json":{"title":"Gemini Bracelet \u264a - KingCrystal","robots":{"index":"index","follow":"follow","max-snippet":"max-snippet:-1","max-image-preview":"max-image-preview:large","max-video-preview":"max-video-preview:-1"},"canonical":"https:\/\/kingcrystal.eu\/sl\/shop\/gemini-bracelet\/","og_locale":"sl_SI","og_type":"article","og_title":"Gemini Bracelet \u264a","og_description":"Gemini Zodiac Bracelet supports communication, clarity, and balanced energy with crystals for focus, calm thinking, and confident self-expression. Perfect for curious Gemini minds.","og_url":"https:\/\/kingcrystal.eu\/sl\/shop\/gemini-bracelet\/","og_site_name":"KingCrystal","article_publisher":"https:\/\/www.facebook.com\/search\/top?q=kingcrystal","article_modified_time":"2026-01-26T20:34:15+00:00","og_image":[{"width":1000,"height":1000,"url":"https:\/\/kingcrystal.eu\/wp-content\/uploads\/2020\/09\/gemini-3-scaled-e1602196388308-1.png","type":"image\/png"}],"twitter_card":"summary_large_image","twitter_misc":{"Est. reading time":"1 minuta"},"schema":{"@context":"https:\/\/schema.org","@graph":[{"@type":"WebPage","@id":"https:\/\/kingcrystal.eu\/en\/shop\/gemini-bracelet\/","url":"https:\/\/kingcrystal.eu\/en\/shop\/gemini-bracelet\/","name":"Gemini Bracelet \u264a - KingCrystal","isPartOf":{"@id":"https:\/\/kingcrystal.eu\/#website"},"primaryImageOfPage":{"@id":"https:\/\/kingcrystal.eu\/en\/shop\/gemini-bracelet\/#primaryimage"},"image":{"@id":"https:\/\/kingcrystal.eu\/en\/shop\/gemini-bracelet\/#primaryimage"},"thumbnailUrl":"https:\/\/kingcrystal.eu\/wp-content\/uploads\/2020\/09\/gemini-3-scaled-e1602196388308-1.png","datePublished":"2020-09-27T17:30:12+00:00","dateModified":"2026-01-26T20:34:15+00:00","breadcrumb":{"@id":"https:\/\/kingcrystal.eu\/en\/shop\/gemini-bracelet\/#breadcrumb"},"inLanguage":"sl-SI","potentialAction":[{"@type":"ReadAction","target":["https:\/\/kingcrystal.eu\/en\/shop\/gemini-bracelet\/"]}]},{"@type":"ImageObject","inLanguage":"sl-SI","@id":"https:\/\/kingcrystal.eu\/en\/shop\/gemini-bracelet\/#primaryimage","url":"https:\/\/kingcrystal.eu\/wp-content\/uploads\/2020\/09\/gemini-3-scaled-e1602196388308-1.png","contentUrl":"https:\/\/kingcrystal.eu\/wp-content\/uploads\/2020\/09\/gemini-3-scaled-e1602196388308-1.png","width":1000,"height":1000},{"@type":"BreadcrumbList","@id":"https:\/\/kingcrystal.eu\/en\/shop\/gemini-bracelet\/#breadcrumb","itemListElement":[{"@type":"ListItem","position":1,"name":"Home","item":"https:\/\/kingcrystal.eu\/en\/"},{"@type":"ListItem","position":2,"name":"Shop","item":"https:\/\/kingcrystal.eu\/shop\/"},{"@type":"ListItem","position":3,"name":"Gemini Bracelet \u264a"}]},{"@type":"WebSite","@id":"https:\/\/kingcrystal.eu\/#website","url":"https:\/\/kingcrystal.eu\/","name":"KingCrystal","description":"Najbolj\u0161i naravni nakit","publisher":{"@id":"https:\/\/kingcrystal.eu\/#organization"},"potentialAction":[{"@type":"SearchAction","target":{"@type":"EntryPoint","urlTemplate":"https:\/\/kingcrystal.eu\/?s={search_term_string}"},"query-input":{"@type":"PropertyValueSpecification","valueRequired":true,"valueName":"search_term_string"}}],"inLanguage":"sl-SI"},{"@type":"Organization","@id":"https:\/\/kingcrystal.eu\/#organization","name":"KingCrystal","url":"https:\/\/kingcrystal.eu\/","logo":{"@type":"ImageObject","inLanguage":"sl-SI","@id":"https:\/\/kingcrystal.eu\/#\/schema\/logo\/image\/","url":"https:\/\/kingcrystal.eu\/wp-content\/uploads\/2020\/10\/logo1kx1kCUT-1-300x181_c279f40044eecdd857ab4f753e0c45c8.png","contentUrl":"https:\/\/kingcrystal.eu\/wp-content\/uploads\/2020\/10\/logo1kx1kCUT-1-300x181_c279f40044eecdd857ab4f753e0c45c8.png","width":300,"height":181,"caption":"KingCrystal"},"image":{"@id":"https:\/\/kingcrystal.eu\/#\/schema\/logo\/image\/"},"sameAs":["https:\/\/www.facebook.com\/search\/top?q=kingcrystal","https:\/\/www.instagram.com\/kingcrystal.eu\/"]}]}},"_links":{"self":[{"href":"https:\/\/kingcrystal.eu\/sl\/wp-json\/wp\/v2\/product\/4669","targetHints":{"allow":["GET"]}}],"collection":[{"href":"https:\/\/kingcrystal.eu\/sl\/wp-json\/wp\/v2\/product"}],"about":[{"href":"https:\/\/kingcrystal.eu\/sl\/wp-json\/wp\/v2\/types\/product"}],"replies":[{"embeddable":true,"href":"https:\/\/kingcrystal.eu\/sl\/wp-json\/wp\/v2\/comments?post=4669"}],"version-history":[{"count":2,"href":"https:\/\/kingcrystal.eu\/sl\/wp-json\/wp\/v2\/product\/4669\/revisions"}],"predecessor-version":[{"id":8325,"href":"https:\/\/kingcrystal.eu\/sl\/wp-json\/wp\/v2\/product\/4669\/revisions\/8325"}],"wp:featuredmedia":[{"embeddable":true,"href":"https:\/\/kingcrystal.eu\/sl\/wp-json\/wp\/v2\/media\/5942"}],"wp:attachment":[{"href":"https:\/\/kingcrystal.eu\/sl\/wp-json\/wp\/v2\/media?parent=4669"}],"wp:term":[{"taxonomy":"product_brand","embeddable":true,"href":"https:\/\/kingcrystal.eu\/sl\/wp-json\/wp\/v2\/product_brand?post=4669"},{"taxonomy":"product_cat","embeddable":true,"href":"https:\/\/kingcrystal.eu\/sl\/wp-json\/wp\/v2\/product_cat?post=4669"},{"taxonomy":"product_tag","embeddable":true,"href":"https:\/\/kingcrystal.eu\/sl\/wp-json\/wp\/v2\/product_tag?post=4669"}],"curies":[{"name":"delovni list","href":"https:\/\/api.w.org\/{rel}","templated":true}]}}