{"id":4549,"date":"2020-09-15T13:01:12","date_gmt":"2020-09-15T13:01:12","guid":{"rendered":"https:\/\/kingcrystal.eu\/?post_type=product&#038;p=4549"},"modified":"2026-01-26T21:29:07","modified_gmt":"2026-01-26T20:29:07","slug":"saggitarius-bracelet","status":"publish","type":"product","link":"https:\/\/kingcrystal.eu\/sl\/shop\/saggitarius-bracelet\/","title":{"rendered":"Zapestnica Sterlec \u2650"},"content":{"rendered":"<h1 style=\"text-align: center;\">Zapestnica zodiaka Strelec \u2013 vrhunska kristalna zapestnica za svobodo, \u0161iritev in vi\u0161ji vid<\/h1>\n<p><strong>Zapestnica z zodiakalnim znakom Strelec<\/strong> je mo\u010dna zapestnica iz dragih kamnov, navdihnjena z astrologijo, ustvarjena za podporo pustolovski, optimisti\u010dni in resnicoljubni energiji Strelca (22. november \u2013 21. december). Strelec je znamenje raziskovanja, modrosti in vi\u0161jega namena \u2013 vedno gre naprej z vero, pogumom in odprtim duhom.<\/p>\n<p>Ta luksuzna zapestnica z zodiakalnim znamenjem je izdelana iz kristalov, ki se ujemajo z energijo Strelca, kar pomaga okrepiti samozavest, za\u0161\u010dititi va\u0161o avro in podpira jasnost na va\u0161i osebni poti. Je popoln spremljevalec za duhovno rast, potovanja, manifestacijo in drzno \u017eivljenje.<\/p>\n<hr \/>\n<h2>Duhovne koristi<\/h2>\n<p> Kristali Strelca aktivirajo vi\u0161jo zavest, spodbujajo duhovno \u0161iritev in krepijo va\u0161o povezavo z resnico in notranjim vodstvom. Ta zapestnica podpira zavestni razvoj in neustra\u0161no raziskovanje \u017eivljenjske poti. <\/p>\n<h2>\u010custvene koristi<\/h2>\n<p> Ta zapestnica pomaga uravnovesiti strel\u010dev ogenj \u2013 pomirja nemir, hkrati pa podpira optimizem in veselje. Spodbuja \u010dustveno odpornost, svobodo pred negativnostjo in zaupanje v bo\u017eanski \u010das. <\/p>\n<h2>Du\u0161evne koristi<\/h2>\n<p> Energija Strelca uspeva na podro\u010dju vizije in u\u010denja. Ti kristali krepijo mentalno jasnost, motivacijo in mo\u010dno odlo\u010danje, kar vam pomaga, da ostanete osredoto\u010deni med doseganjem svojih ciljev. <\/p>\n<h2>Fizi\u010dne koristi<\/h2>\n<p> Tradicionalno velja, da kamni Strelca podpirajo vitalnost, energi\u010dno vzdr\u017eljivost in za\u0161\u010dito tistih, ki \u017eivijo aktivno in strastno. <\/p>\n<hr \/>\n<h2>Poravnava \u010daker<\/h2>\n<p> <a href=\"https:\/\/kingcrystal.eu\/sl\/solar-plexus-chakra-manipura\/\"><strong>\u010cakra solarnega pleksusa (Manipura)<\/strong><\/a><strong>:<\/strong> samozavest, pogum, osebna mo\u010d. <a href=\"https:\/\/kingcrystal.eu\/sl\/crown-chakra-sahasrara\/\"><strong>Kronska \u010dakra (Sahasrara)<\/strong><\/a><strong>:<\/strong> vi\u0161ji vid, modrost, duhovna rast. <\/p>\n<h2>Zodiakalna povezava<\/h2>\n<ul>\n<li><a href=\"https:\/\/kingcrystal.eu\/sl\/sagittarius-zodiac\/\"><strong>Strelec<\/strong><\/a> \u2014 svoboda, resnica, pustolov\u0161\u010dina<\/li>\n<\/ul>\n<hr \/>\n<h2>Zakaj izbrati na\u0161o zapestnico z zodiakalnim znakom Strelec?<\/h2>\n<ul>\n<li><strong>Vrhunska izbira kristalov, izbranih za energijo Strelca<\/strong> (Zlato tigrovo oko, labradorit, ametist)<\/li>\n<li>Pristne naravne perle iz dragih kamnov z luksuznim zaklju\u010dkom<\/li>\n<li>Eti\u010dno pridobljeni visokovibracijski kristali<\/li>\n<li>Udobno prileganje z vzdr\u017eljivo raztegljivo vrvico \u2013 univerzalna velikost ustreza ve\u010dini<\/li>\n<li>Unisex dizajn \u2013 pomenljiv nakit ali darilo z zodiakom<\/li>\n<\/ul>\n<p><strong>Sprejmite svobodo. Sprejmite \u0161iritev. Sprejmite svoj vi\u0161ji namen.<\/strong><\/p>\n<p><em>Zapestnica z zodiakalnim znakom Strelec \u2013 kjer se pustolov\u0161\u010dina sre\u010da z duhovno modrostjo.<\/em><\/p>","protected":false},"excerpt":{"rendered":"<p><strong>Zapestnica z zodiakalnim znakom Strelec<\/strong> Podpira pustolovsko energijo Strelca s kristali za samozavest, duhovno rast, za\u0161\u010dito in vi\u0161jo vizijo. Popolna zapestnica za svobodo, modrost in drzne nove za\u010detke.<\/p>","protected":false},"featured_media":4517,"comment_status":"closed","ping_status":"closed","template":"","meta":[],"product_brand":[],"product_cat":[56],"product_tag":[60],"class_list":{"0":"post-4549","1":"product","2":"type-product","3":"status-publish","4":"has-post-thumbnail","6":"product_cat-zodiac-bracelets","7":"product_tag-fire","9":"first","10":"instock","11":"taxable","12":"shipping-taxable","13":"purchasable","14":"product-type-variable","15":"has-default-attributes"},"yoast_head":"<!-- This site is optimized with the Yoast SEO Premium plugin v26.6 (Yoast SEO v26.6) - https:\/\/yoast.com\/wordpress\/plugins\/seo\/ -->\n<title>Saggitarius Bracelet \u2650 - KingCrystal<\/title>\n<meta name=\"robots\" content=\"index, follow, max-snippet:-1, max-image-preview:large, max-video-preview:-1\" \/>\n<link rel=\"canonical\" href=\"https:\/\/kingcrystal.eu\/sl\/shop\/saggitarius-bracelet\/\" \/>\n<meta property=\"og:locale\" content=\"sl_SI\" \/>\n<meta property=\"og:type\" content=\"article\" \/>\n<meta property=\"og:title\" content=\"Saggitarius Bracelet \u2650\" \/>\n<meta property=\"og:description\" content=\"Sagittarius Zodiac Bracelet supports the adventurous energy of Sagittarius with crystals for confidence, spiritual growth, protection, and higher vision. A perfect bracelet for freedom, wisdom, and bold new beginnings.\" \/>\n<meta property=\"og:url\" content=\"https:\/\/kingcrystal.eu\/sl\/shop\/saggitarius-bracelet\/\" \/>\n<meta property=\"og:site_name\" content=\"KingCrystal\" \/>\n<meta property=\"article:publisher\" content=\"https:\/\/www.facebook.com\/search\/top?q=kingcrystal\" \/>\n<meta property=\"article:modified_time\" content=\"2026-01-26T20:29:07+00:00\" \/>\n<meta property=\"og:image\" content=\"https:\/\/kingcrystal.eu\/wp-content\/uploads\/2020\/09\/saggitarius-3-scaled-e1602196542306.jpg\" \/>\n\t<meta property=\"og:image:width\" content=\"1000\" \/>\n\t<meta property=\"og:image:height\" content=\"1000\" \/>\n\t<meta property=\"og:image:type\" content=\"image\/jpeg\" \/>\n<meta name=\"twitter:card\" content=\"summary_large_image\" \/>\n<meta name=\"twitter:label1\" content=\"Est. reading time\" \/>\n\t<meta name=\"twitter:data1\" content=\"1 minuta\" \/>\n<script type=\"application\/ld+json\" class=\"yoast-schema-graph\">{\"@context\":\"https:\/\/schema.org\",\"@graph\":[{\"@type\":\"WebPage\",\"@id\":\"https:\/\/kingcrystal.eu\/en\/shop\/saggitarius-bracelet\/\",\"url\":\"https:\/\/kingcrystal.eu\/en\/shop\/saggitarius-bracelet\/\",\"name\":\"Saggitarius Bracelet \u2650 - KingCrystal\",\"isPartOf\":{\"@id\":\"https:\/\/kingcrystal.eu\/#website\"},\"primaryImageOfPage\":{\"@id\":\"https:\/\/kingcrystal.eu\/en\/shop\/saggitarius-bracelet\/#primaryimage\"},\"image\":{\"@id\":\"https:\/\/kingcrystal.eu\/en\/shop\/saggitarius-bracelet\/#primaryimage\"},\"thumbnailUrl\":\"https:\/\/kingcrystal.eu\/wp-content\/uploads\/2020\/09\/saggitarius-3-scaled-e1602196542306.jpg\",\"datePublished\":\"2020-09-15T13:01:12+00:00\",\"dateModified\":\"2026-01-26T20:29:07+00:00\",\"breadcrumb\":{\"@id\":\"https:\/\/kingcrystal.eu\/en\/shop\/saggitarius-bracelet\/#breadcrumb\"},\"inLanguage\":\"sl-SI\",\"potentialAction\":[{\"@type\":\"ReadAction\",\"target\":[\"https:\/\/kingcrystal.eu\/en\/shop\/saggitarius-bracelet\/\"]}]},{\"@type\":\"ImageObject\",\"inLanguage\":\"sl-SI\",\"@id\":\"https:\/\/kingcrystal.eu\/en\/shop\/saggitarius-bracelet\/#primaryimage\",\"url\":\"https:\/\/kingcrystal.eu\/wp-content\/uploads\/2020\/09\/saggitarius-3-scaled-e1602196542306.jpg\",\"contentUrl\":\"https:\/\/kingcrystal.eu\/wp-content\/uploads\/2020\/09\/saggitarius-3-scaled-e1602196542306.jpg\",\"width\":1000,\"height\":1000},{\"@type\":\"BreadcrumbList\",\"@id\":\"https:\/\/kingcrystal.eu\/en\/shop\/saggitarius-bracelet\/#breadcrumb\",\"itemListElement\":[{\"@type\":\"ListItem\",\"position\":1,\"name\":\"Home\",\"item\":\"https:\/\/kingcrystal.eu\/en\/\"},{\"@type\":\"ListItem\",\"position\":2,\"name\":\"Shop\",\"item\":\"https:\/\/kingcrystal.eu\/shop\/\"},{\"@type\":\"ListItem\",\"position\":3,\"name\":\"Saggitarius Bracelet \u2650\"}]},{\"@type\":\"WebSite\",\"@id\":\"https:\/\/kingcrystal.eu\/#website\",\"url\":\"https:\/\/kingcrystal.eu\/\",\"name\":\"KingCrystal\",\"description\":\"Finest Natural Jewelry\",\"publisher\":{\"@id\":\"https:\/\/kingcrystal.eu\/#organization\"},\"potentialAction\":[{\"@type\":\"SearchAction\",\"target\":{\"@type\":\"EntryPoint\",\"urlTemplate\":\"https:\/\/kingcrystal.eu\/?s={search_term_string}\"},\"query-input\":{\"@type\":\"PropertyValueSpecification\",\"valueRequired\":true,\"valueName\":\"search_term_string\"}}],\"inLanguage\":\"sl-SI\"},{\"@type\":\"Organization\",\"@id\":\"https:\/\/kingcrystal.eu\/#organization\",\"name\":\"KingCrystal\",\"url\":\"https:\/\/kingcrystal.eu\/\",\"logo\":{\"@type\":\"ImageObject\",\"inLanguage\":\"sl-SI\",\"@id\":\"https:\/\/kingcrystal.eu\/#\/schema\/logo\/image\/\",\"url\":\"https:\/\/kingcrystal.eu\/wp-content\/uploads\/2020\/10\/logo1kx1kCUT-1-300x181_c279f40044eecdd857ab4f753e0c45c8.png\",\"contentUrl\":\"https:\/\/kingcrystal.eu\/wp-content\/uploads\/2020\/10\/logo1kx1kCUT-1-300x181_c279f40044eecdd857ab4f753e0c45c8.png\",\"width\":300,\"height\":181,\"caption\":\"KingCrystal\"},\"image\":{\"@id\":\"https:\/\/kingcrystal.eu\/#\/schema\/logo\/image\/\"},\"sameAs\":[\"https:\/\/www.facebook.com\/search\/top?q=kingcrystal\",\"https:\/\/www.instagram.com\/kingcrystal.eu\/\"]}]}<\/script>\n<!-- \/ Yoast SEO Premium plugin. -->","yoast_head_json":{"title":"Saggitarius Bracelet \u2650 - KingCrystal","robots":{"index":"index","follow":"follow","max-snippet":"max-snippet:-1","max-image-preview":"max-image-preview:large","max-video-preview":"max-video-preview:-1"},"canonical":"https:\/\/kingcrystal.eu\/sl\/shop\/saggitarius-bracelet\/","og_locale":"sl_SI","og_type":"article","og_title":"Saggitarius Bracelet \u2650","og_description":"Sagittarius Zodiac Bracelet supports the adventurous energy of Sagittarius with crystals for confidence, spiritual growth, protection, and higher vision. A perfect bracelet for freedom, wisdom, and bold new beginnings.","og_url":"https:\/\/kingcrystal.eu\/sl\/shop\/saggitarius-bracelet\/","og_site_name":"KingCrystal","article_publisher":"https:\/\/www.facebook.com\/search\/top?q=kingcrystal","article_modified_time":"2026-01-26T20:29:07+00:00","og_image":[{"width":1000,"height":1000,"url":"https:\/\/kingcrystal.eu\/wp-content\/uploads\/2020\/09\/saggitarius-3-scaled-e1602196542306.jpg","type":"image\/jpeg"}],"twitter_card":"summary_large_image","twitter_misc":{"Est. reading time":"1 minuta"},"schema":{"@context":"https:\/\/schema.org","@graph":[{"@type":"WebPage","@id":"https:\/\/kingcrystal.eu\/en\/shop\/saggitarius-bracelet\/","url":"https:\/\/kingcrystal.eu\/en\/shop\/saggitarius-bracelet\/","name":"Saggitarius Bracelet \u2650 - KingCrystal","isPartOf":{"@id":"https:\/\/kingcrystal.eu\/#website"},"primaryImageOfPage":{"@id":"https:\/\/kingcrystal.eu\/en\/shop\/saggitarius-bracelet\/#primaryimage"},"image":{"@id":"https:\/\/kingcrystal.eu\/en\/shop\/saggitarius-bracelet\/#primaryimage"},"thumbnailUrl":"https:\/\/kingcrystal.eu\/wp-content\/uploads\/2020\/09\/saggitarius-3-scaled-e1602196542306.jpg","datePublished":"2020-09-15T13:01:12+00:00","dateModified":"2026-01-26T20:29:07+00:00","breadcrumb":{"@id":"https:\/\/kingcrystal.eu\/en\/shop\/saggitarius-bracelet\/#breadcrumb"},"inLanguage":"sl-SI","potentialAction":[{"@type":"ReadAction","target":["https:\/\/kingcrystal.eu\/en\/shop\/saggitarius-bracelet\/"]}]},{"@type":"ImageObject","inLanguage":"sl-SI","@id":"https:\/\/kingcrystal.eu\/en\/shop\/saggitarius-bracelet\/#primaryimage","url":"https:\/\/kingcrystal.eu\/wp-content\/uploads\/2020\/09\/saggitarius-3-scaled-e1602196542306.jpg","contentUrl":"https:\/\/kingcrystal.eu\/wp-content\/uploads\/2020\/09\/saggitarius-3-scaled-e1602196542306.jpg","width":1000,"height":1000},{"@type":"BreadcrumbList","@id":"https:\/\/kingcrystal.eu\/en\/shop\/saggitarius-bracelet\/#breadcrumb","itemListElement":[{"@type":"ListItem","position":1,"name":"Home","item":"https:\/\/kingcrystal.eu\/en\/"},{"@type":"ListItem","position":2,"name":"Shop","item":"https:\/\/kingcrystal.eu\/shop\/"},{"@type":"ListItem","position":3,"name":"Saggitarius Bracelet \u2650"}]},{"@type":"WebSite","@id":"https:\/\/kingcrystal.eu\/#website","url":"https:\/\/kingcrystal.eu\/","name":"KingCrystal","description":"Najbolj\u0161i naravni nakit","publisher":{"@id":"https:\/\/kingcrystal.eu\/#organization"},"potentialAction":[{"@type":"SearchAction","target":{"@type":"EntryPoint","urlTemplate":"https:\/\/kingcrystal.eu\/?s={search_term_string}"},"query-input":{"@type":"PropertyValueSpecification","valueRequired":true,"valueName":"search_term_string"}}],"inLanguage":"sl-SI"},{"@type":"Organization","@id":"https:\/\/kingcrystal.eu\/#organization","name":"KingCrystal","url":"https:\/\/kingcrystal.eu\/","logo":{"@type":"ImageObject","inLanguage":"sl-SI","@id":"https:\/\/kingcrystal.eu\/#\/schema\/logo\/image\/","url":"https:\/\/kingcrystal.eu\/wp-content\/uploads\/2020\/10\/logo1kx1kCUT-1-300x181_c279f40044eecdd857ab4f753e0c45c8.png","contentUrl":"https:\/\/kingcrystal.eu\/wp-content\/uploads\/2020\/10\/logo1kx1kCUT-1-300x181_c279f40044eecdd857ab4f753e0c45c8.png","width":300,"height":181,"caption":"KingCrystal"},"image":{"@id":"https:\/\/kingcrystal.eu\/#\/schema\/logo\/image\/"},"sameAs":["https:\/\/www.facebook.com\/search\/top?q=kingcrystal","https:\/\/www.instagram.com\/kingcrystal.eu\/"]}]}},"_links":{"self":[{"href":"https:\/\/kingcrystal.eu\/sl\/wp-json\/wp\/v2\/product\/4549","targetHints":{"allow":["GET"]}}],"collection":[{"href":"https:\/\/kingcrystal.eu\/sl\/wp-json\/wp\/v2\/product"}],"about":[{"href":"https:\/\/kingcrystal.eu\/sl\/wp-json\/wp\/v2\/types\/product"}],"replies":[{"embeddable":true,"href":"https:\/\/kingcrystal.eu\/sl\/wp-json\/wp\/v2\/comments?post=4549"}],"version-history":[{"count":1,"href":"https:\/\/kingcrystal.eu\/sl\/wp-json\/wp\/v2\/product\/4549\/revisions"}],"predecessor-version":[{"id":8319,"href":"https:\/\/kingcrystal.eu\/sl\/wp-json\/wp\/v2\/product\/4549\/revisions\/8319"}],"wp:featuredmedia":[{"embeddable":true,"href":"https:\/\/kingcrystal.eu\/sl\/wp-json\/wp\/v2\/media\/4517"}],"wp:attachment":[{"href":"https:\/\/kingcrystal.eu\/sl\/wp-json\/wp\/v2\/media?parent=4549"}],"wp:term":[{"taxonomy":"product_brand","embeddable":true,"href":"https:\/\/kingcrystal.eu\/sl\/wp-json\/wp\/v2\/product_brand?post=4549"},{"taxonomy":"product_cat","embeddable":true,"href":"https:\/\/kingcrystal.eu\/sl\/wp-json\/wp\/v2\/product_cat?post=4549"},{"taxonomy":"product_tag","embeddable":true,"href":"https:\/\/kingcrystal.eu\/sl\/wp-json\/wp\/v2\/product_tag?post=4549"}],"curies":[{"name":"delovni list","href":"https:\/\/api.w.org\/{rel}","templated":true}]}}