{"id":1936,"date":"2019-10-03T16:37:35","date_gmt":"2019-10-03T16:37:35","guid":{"rendered":"http:\/\/ascensiontools.eu\/?post_type=product&#038;p=1936"},"modified":"2019-10-22T12:03:49","modified_gmt":"2019-10-22T12:03:49","slug":"quartz","status":"publish","type":"product","link":"https:\/\/kingcrystal.eu\/sl\/shop\/quartz\/","title":{"rendered":"Kremen"},"content":{"rendered":"<h1 class=\"product_title entry-title\" style=\"text-align: center;\">Himalajski kremen in njegovi u\u010dinki<\/h1>\n<p>&nbsp;<\/p>\n<h2 class=\"gems\">Duhovno<\/h2>\n<p>Kvarc spodbuja jasnost in izbolj\u0161uje zaznavanje in razumevanje. Krepi va\u0161e prepri\u010danje in spodbuja razvoj, ki je primeren va\u0161i notranji naravi.<\/p>\n<h2 class=\"gems\">\u010custveno<\/h2>\n<p>Kvarc obuja pozabljene spomine in jih ozave\u0161\u010da. Pomaga re\u0161evati te\u017eave na preproste na\u010dine in o\u017eivlja sposobnosti, za katere ste mislili, da ste jih izgubili.<\/p>\n<h2 class=\"gems\">Mentalno<\/h2>\n<p>Kvarc prina\u0161a samospoznanje in pomaga premagati tisto, za kar menite, da so va\u0161e mentalne meje.<\/p>\n<h2 class=\"gems\">Fizi\u010dno<\/h2>\n<p>Kremen revitalizira dele telesa, ki so izgubili ob\u010dutek, so hladni, otrpli ali ohromljeni. Uravnava delovanje obeh polovic mo\u017eganov, krepi \u017eivce in spodbuja delovanje \u017elez. \u010ceprav zagotavlja energijo, lahko \u0161e vedno zni\u017euje vro\u010dino in laj\u0161a bole\u010dine, otekline in slabost.<\/p>","protected":false},"excerpt":{"rendered":"<p>&nbsp;<\/p>\n<p><em>\u010cakre -<\/em>\u00a0Kronska \u010dakra<br \/>\n<em>Rojstni kamen<\/em>\u00a0\u2013 april<br \/>\n<em>Zodiak \u2013<\/em>\u00a0Vsi rojstni znaki<br \/>\n<em>Planet \u2013\u00a0<\/em>Sonce<br \/>\n<em>Element \u2013<\/em>\u00a0Vse (Zemlja\/Ogenj\/Zrak\/Voda)<\/p>","protected":false},"featured_media":0,"comment_status":"closed","ping_status":"closed","template":"","meta":[],"product_brand":[],"product_cat":[24],"product_tag":[],"class_list":{"0":"post-1936","1":"product","2":"type-product","3":"status-publish","5":"product_cat-uncategorized","7":"first","8":"instock","9":"taxable","10":"shipping-taxable","11":"purchasable","12":"product-type-variable","13":"has-default-attributes"},"yoast_head":"<!-- This site is optimized with the Yoast SEO Premium plugin v26.6 (Yoast SEO v26.6) - https:\/\/yoast.com\/wordpress\/plugins\/seo\/ -->\n<title>Quartz - KingCrystal<\/title>\n<meta name=\"robots\" content=\"index, follow, max-snippet:-1, max-image-preview:large, max-video-preview:-1\" \/>\n<link rel=\"canonical\" href=\"https:\/\/kingcrystal.eu\/sl\/shop\/quartz\/\" \/>\n<meta property=\"og:locale\" content=\"sl_SI\" \/>\n<meta property=\"og:type\" content=\"article\" \/>\n<meta property=\"og:title\" content=\"Quartz\" \/>\n<meta property=\"og:description\" content=\"&nbsp;  Chakras -\u00a0Crown Chakra Birthstone\u00a0-\u00a0April Zodiac -\u00a0All birth signs Planet \u2013\u00a0Sun Element \u2013\u00a0All (Earth\/Fire\/Air\/Water)\" \/>\n<meta property=\"og:url\" content=\"https:\/\/kingcrystal.eu\/sl\/shop\/quartz\/\" \/>\n<meta property=\"og:site_name\" content=\"KingCrystal\" \/>\n<meta property=\"article:publisher\" content=\"https:\/\/www.facebook.com\/search\/top?q=kingcrystal\" \/>\n<meta property=\"article:modified_time\" content=\"2019-10-22T12:03:49+00:00\" \/>\n<meta name=\"twitter:card\" content=\"summary_large_image\" \/>\n<meta name=\"twitter:label1\" content=\"Est. reading time\" \/>\n\t<meta name=\"twitter:data1\" content=\"1 minuta\" \/>\n<script type=\"application\/ld+json\" class=\"yoast-schema-graph\">{\"@context\":\"https:\/\/schema.org\",\"@graph\":[{\"@type\":\"WebPage\",\"@id\":\"https:\/\/kingcrystal.eu\/shop\/quartz\/\",\"url\":\"https:\/\/kingcrystal.eu\/shop\/quartz\/\",\"name\":\"Quartz - KingCrystal\",\"isPartOf\":{\"@id\":\"https:\/\/kingcrystal.eu\/#website\"},\"datePublished\":\"2019-10-03T16:37:35+00:00\",\"dateModified\":\"2019-10-22T12:03:49+00:00\",\"breadcrumb\":{\"@id\":\"https:\/\/kingcrystal.eu\/shop\/quartz\/#breadcrumb\"},\"inLanguage\":\"sl-SI\",\"potentialAction\":[{\"@type\":\"ReadAction\",\"target\":[\"https:\/\/kingcrystal.eu\/shop\/quartz\/\"]}]},{\"@type\":\"BreadcrumbList\",\"@id\":\"https:\/\/kingcrystal.eu\/shop\/quartz\/#breadcrumb\",\"itemListElement\":[{\"@type\":\"ListItem\",\"position\":1,\"name\":\"Home\",\"item\":\"https:\/\/kingcrystal.eu\/en\/\"},{\"@type\":\"ListItem\",\"position\":2,\"name\":\"Shop\",\"item\":\"https:\/\/kingcrystal.eu\/shop\/\"},{\"@type\":\"ListItem\",\"position\":3,\"name\":\"Quartz\"}]},{\"@type\":\"WebSite\",\"@id\":\"https:\/\/kingcrystal.eu\/#website\",\"url\":\"https:\/\/kingcrystal.eu\/\",\"name\":\"KingCrystal\",\"description\":\"Finest Natural Jewelry\",\"publisher\":{\"@id\":\"https:\/\/kingcrystal.eu\/#organization\"},\"potentialAction\":[{\"@type\":\"SearchAction\",\"target\":{\"@type\":\"EntryPoint\",\"urlTemplate\":\"https:\/\/kingcrystal.eu\/?s={search_term_string}\"},\"query-input\":{\"@type\":\"PropertyValueSpecification\",\"valueRequired\":true,\"valueName\":\"search_term_string\"}}],\"inLanguage\":\"sl-SI\"},{\"@type\":\"Organization\",\"@id\":\"https:\/\/kingcrystal.eu\/#organization\",\"name\":\"KingCrystal\",\"url\":\"https:\/\/kingcrystal.eu\/\",\"logo\":{\"@type\":\"ImageObject\",\"inLanguage\":\"sl-SI\",\"@id\":\"https:\/\/kingcrystal.eu\/#\/schema\/logo\/image\/\",\"url\":\"https:\/\/kingcrystal.eu\/wp-content\/uploads\/2020\/10\/logo1kx1kCUT-1-300x181_c279f40044eecdd857ab4f753e0c45c8.png\",\"contentUrl\":\"https:\/\/kingcrystal.eu\/wp-content\/uploads\/2020\/10\/logo1kx1kCUT-1-300x181_c279f40044eecdd857ab4f753e0c45c8.png\",\"width\":300,\"height\":181,\"caption\":\"KingCrystal\"},\"image\":{\"@id\":\"https:\/\/kingcrystal.eu\/#\/schema\/logo\/image\/\"},\"sameAs\":[\"https:\/\/www.facebook.com\/search\/top?q=kingcrystal\",\"https:\/\/www.instagram.com\/kingcrystal.eu\/\"]}]}<\/script>\n<!-- \/ Yoast SEO Premium plugin. -->","yoast_head_json":{"title":"Quartz - KingCrystal","robots":{"index":"index","follow":"follow","max-snippet":"max-snippet:-1","max-image-preview":"max-image-preview:large","max-video-preview":"max-video-preview:-1"},"canonical":"https:\/\/kingcrystal.eu\/sl\/shop\/quartz\/","og_locale":"sl_SI","og_type":"article","og_title":"Quartz","og_description":"&nbsp;  Chakras -\u00a0Crown Chakra Birthstone\u00a0-\u00a0April Zodiac -\u00a0All birth signs Planet \u2013\u00a0Sun Element \u2013\u00a0All (Earth\/Fire\/Air\/Water)","og_url":"https:\/\/kingcrystal.eu\/sl\/shop\/quartz\/","og_site_name":"KingCrystal","article_publisher":"https:\/\/www.facebook.com\/search\/top?q=kingcrystal","article_modified_time":"2019-10-22T12:03:49+00:00","twitter_card":"summary_large_image","twitter_misc":{"Est. reading time":"1 minuta"},"schema":{"@context":"https:\/\/schema.org","@graph":[{"@type":"WebPage","@id":"https:\/\/kingcrystal.eu\/shop\/quartz\/","url":"https:\/\/kingcrystal.eu\/shop\/quartz\/","name":"Quartz - KingCrystal","isPartOf":{"@id":"https:\/\/kingcrystal.eu\/#website"},"datePublished":"2019-10-03T16:37:35+00:00","dateModified":"2019-10-22T12:03:49+00:00","breadcrumb":{"@id":"https:\/\/kingcrystal.eu\/shop\/quartz\/#breadcrumb"},"inLanguage":"sl-SI","potentialAction":[{"@type":"ReadAction","target":["https:\/\/kingcrystal.eu\/shop\/quartz\/"]}]},{"@type":"BreadcrumbList","@id":"https:\/\/kingcrystal.eu\/shop\/quartz\/#breadcrumb","itemListElement":[{"@type":"ListItem","position":1,"name":"Home","item":"https:\/\/kingcrystal.eu\/en\/"},{"@type":"ListItem","position":2,"name":"Shop","item":"https:\/\/kingcrystal.eu\/shop\/"},{"@type":"ListItem","position":3,"name":"Quartz"}]},{"@type":"WebSite","@id":"https:\/\/kingcrystal.eu\/#website","url":"https:\/\/kingcrystal.eu\/","name":"KingCrystal","description":"Najbolj\u0161i naravni nakit","publisher":{"@id":"https:\/\/kingcrystal.eu\/#organization"},"potentialAction":[{"@type":"SearchAction","target":{"@type":"EntryPoint","urlTemplate":"https:\/\/kingcrystal.eu\/?s={search_term_string}"},"query-input":{"@type":"PropertyValueSpecification","valueRequired":true,"valueName":"search_term_string"}}],"inLanguage":"sl-SI"},{"@type":"Organization","@id":"https:\/\/kingcrystal.eu\/#organization","name":"KingCrystal","url":"https:\/\/kingcrystal.eu\/","logo":{"@type":"ImageObject","inLanguage":"sl-SI","@id":"https:\/\/kingcrystal.eu\/#\/schema\/logo\/image\/","url":"https:\/\/kingcrystal.eu\/wp-content\/uploads\/2020\/10\/logo1kx1kCUT-1-300x181_c279f40044eecdd857ab4f753e0c45c8.png","contentUrl":"https:\/\/kingcrystal.eu\/wp-content\/uploads\/2020\/10\/logo1kx1kCUT-1-300x181_c279f40044eecdd857ab4f753e0c45c8.png","width":300,"height":181,"caption":"KingCrystal"},"image":{"@id":"https:\/\/kingcrystal.eu\/#\/schema\/logo\/image\/"},"sameAs":["https:\/\/www.facebook.com\/search\/top?q=kingcrystal","https:\/\/www.instagram.com\/kingcrystal.eu\/"]}]}},"_links":{"self":[{"href":"https:\/\/kingcrystal.eu\/sl\/wp-json\/wp\/v2\/product\/1936","targetHints":{"allow":["GET"]}}],"collection":[{"href":"https:\/\/kingcrystal.eu\/sl\/wp-json\/wp\/v2\/product"}],"about":[{"href":"https:\/\/kingcrystal.eu\/sl\/wp-json\/wp\/v2\/types\/product"}],"replies":[{"embeddable":true,"href":"https:\/\/kingcrystal.eu\/sl\/wp-json\/wp\/v2\/comments?post=1936"}],"version-history":[{"count":0,"href":"https:\/\/kingcrystal.eu\/sl\/wp-json\/wp\/v2\/product\/1936\/revisions"}],"wp:attachment":[{"href":"https:\/\/kingcrystal.eu\/sl\/wp-json\/wp\/v2\/media?parent=1936"}],"wp:term":[{"taxonomy":"product_brand","embeddable":true,"href":"https:\/\/kingcrystal.eu\/sl\/wp-json\/wp\/v2\/product_brand?post=1936"},{"taxonomy":"product_cat","embeddable":true,"href":"https:\/\/kingcrystal.eu\/sl\/wp-json\/wp\/v2\/product_cat?post=1936"},{"taxonomy":"product_tag","embeddable":true,"href":"https:\/\/kingcrystal.eu\/sl\/wp-json\/wp\/v2\/product_tag?post=1936"}],"curies":[{"name":"delovni list","href":"https:\/\/api.w.org\/{rel}","templated":true}]}}