{"id":1721,"date":"2019-09-28T01:17:21","date_gmt":"2019-09-28T01:17:21","guid":{"rendered":"http:\/\/ascensiontools.eu\/?post_type=product&#038;p=1721"},"modified":"2026-01-25T21:33:11","modified_gmt":"2026-01-25T20:33:11","slug":"black-tourmaline-bracelet","status":"publish","type":"product","link":"https:\/\/kingcrystal.eu\/sl\/shop\/black-tourmaline-bracelet\/","title":{"rendered":"Zapestnica \u010crni Turmalin"},"content":{"rendered":"<div data-elementor-type=\"product-post\" data-elementor-id=\"1721\" class=\"elementor elementor-1721\" data-elementor-post-type=\"product\">\n\t\t\t\t<div class=\"elementor-element elementor-element-5cc9855c e-flex e-con-boxed e-con e-parent\" data-id=\"5cc9855c\" data-element_type=\"container\" data-e-type=\"container\" data-settings=\"{&quot;jet_parallax_layout_list&quot;:[]}\">\n\t\t\t\t\t<div class=\"e-con-inner\">\n\t\t\t\t<div class=\"elementor-element elementor-element-50fe26d7 elementor-widget elementor-widget-text-editor\" data-id=\"50fe26d7\" data-element_type=\"widget\" data-e-type=\"widget\" data-widget_type=\"text-editor.default\">\n\t\t\t\t<div class=\"elementor-widget-container\">\n\t\t\t\t\t\t\t\t\t<h1 style=\"text-align: center;\">Zapestnica s \u010drnim turmalinom \u2013 vrhunski za\u0161\u010ditni kristal za ozemljitev, zdravljenje in duhovno ravnovesje<\/h1><p><strong>\u010crni Turmalin<\/strong> je eden najmo\u010dnej\u0161ih za\u0161\u010ditnih kamnov na svetu, ki ga \u017ee stoletja cenijo zaradi njegove sposobnosti odganjanja negativne energije, ozemljitve duha in povrnitve \u010dustvenega miru. Ta luksuzna zapestnica s \u010drnim turmalinom je bila ustvarjena za duhovne iskalce, prebujene du\u0161e in vse, ki cenijo naravno lepoto in energijo pristnih zdravilnih kristalov.<\/p><p>No\u0161enje te zapestnice pomaga ustvariti mo\u010dan energijski \u0161\u010dit okoli va\u0161e avre, ki raztopi negativnost in \u010dustveni stres, hkrati pa krepi va\u0161o povezavo z notranjim mirom in stabilnostjo. Njen globok \u010drn lesk iz\u017eareva eleganco, zaradi \u010desar je popolno ravnovesje med duhovnim nakitom in vrhunsko nosljivo umetnostjo.<\/p><hr \/><h2>Duhovne koristi<\/h2><p>\u010crni turmalin spodbuja ozemljitev, nevtralnost in duhovno za\u0161\u010dito. Pomaga uravnote\u017eiti va\u0161e energijsko polje, sprostiti strah in vas zasidrati v sedanji trenutek. Ta kamen je idealen za meditacijo, zdravljenje, duhovno rast in zavestno \u017eivljenje.<\/p><h2>\u010custvene koristi<\/h2><p>\u010crni turmalin spro\u0161\u010da napetost in vas \u0161\u010diti pred negativno energijo in \u010dustveno preobremenjenostjo. Podpira mirnost, \u010dustveno jasnost in odpornost, zaradi \u010desar je odli\u010den kamen za laj\u0161anje stresa in notranji mir.<\/p><h2>Du\u0161evne koristi<\/h2><p>Ta kristal spodbuja jasno razmi\u0161ljanje, samozavedanje in uravnote\u017eeno odlo\u010danje. Pomaga raztopiti dvome vase in negativne miselne vzorce, podpira logi\u010dno razmi\u0161ljanje in utemeljeno zaznavanje.<\/p><h2>Fizi\u010dne koristi<\/h2><p>Tradicionalno velja, da \u010drni turmalin podpira ozemljitev \u017eiv\u010dnega sistema in energijsko \u010di\u0161\u010denje. Mnogi ljudje ga nosijo za ohranjanje uravnote\u017eene vitalnosti in za\u0161\u010dito pred mote\u010dimi okoljskimi energijami.<\/p><hr \/><h2>Poravnava \u010daker<\/h2><p><a href=\"https:\/\/kingcrystal.eu\/sl\/root-chakra-muladhara\/\"><strong>Korenska \u010dakra (Muladhara)<\/strong><\/a><strong>:<\/strong>ozemljitev, varnost, stabilnost, energetska za\u0161\u010dita.<\/p><h2>Zodiakalna povezava<\/h2><ul><li><a href=\"https:\/\/kingcrystal.eu\/sl\/libra-zodiac\/\"><strong>Tehnica<\/strong> <\/a>\u2013 obnavlja energijsko ravnovesje in \u010dustveni mir<\/li><li><a href=\"https:\/\/kingcrystal.eu\/sl\/scorpio-zodiac\/\"><strong>\u0160korpijon<\/strong> <\/a>\u2013 krepi notranjo mo\u010d in \u010dustveno odpornost<\/li><li><a href=\"https:\/\/kingcrystal.eu\/sl\/capricorn-zodiac\/\"><strong>Kozorog<\/strong> <\/a>\u2013 podpira prizemljenost, osredoto\u010denost in odlo\u010dnost<\/li><\/ul><hr \/><h2>Zakaj izbrati na\u0161o zapestnico s \u010drnim turmalinom?<\/h2><ul><li>100% pristni dragi kamni iz \u010drnega turmalina<\/li><li>Premium polirane kroglice z luksuznim zaklju\u010dkom<\/li><li>Eti\u010dno pridobljeni kristali<\/li><li>Udobno prileganje z vzdr\u017eljivo raztegljivo vrvico<\/li><li>Unisex dizajn \u2013 eleganten za vsako prilo\u017enost<\/li><\/ul><p>Ta zapestnica je odli\u010dna za duhovno energijsko za\u0161\u010dito, meditacijo, jogo, vsakodnevno no\u0161enje ali kot dragoceno luksuzno darilo za nekoga posebnega.<\/p><p><strong>Sprejmite ozemljitev. Sprejmite za\u0161\u010dito. Sprejmite svojo resni\u010dno energijo.<\/strong><\/p><p><em>Zapestnica s \u010drnim turmalinom \u2013 kjer se estetska lepota sre\u010da z mo\u010dno zdravilno energijo.<\/em><\/p>\t\t\t\t\t\t\t\t<\/div>\n\t\t\t\t<\/div>\n\t\t\t\t\t<\/div>\n\t\t\t\t<\/div>\n\t\t\t\t<\/div>","protected":false},"excerpt":{"rendered":"<p><strong>Zapestnica \u010crni Turmalin<\/strong> \u2014 luksuzna zapestnica iz kristalov za ozemljitev in za\u0161\u010dito, zasnovana za odganjanje negativne energije, obnovitev \u010dustvenega miru in povezavo z globokim duhovnim ravnovesjem. Izdelana iz pristnih dragih kamnov \u010drnega turmalina za mo\u010dno zdravilno energijo in brez\u010dasno eleganco.<\/p>","protected":false},"featured_media":2297,"comment_status":"closed","ping_status":"closed","template":"","meta":[],"product_brand":[],"product_cat":[25],"product_tag":[],"class_list":{"0":"post-1721","1":"product","2":"type-product","3":"status-publish","4":"has-post-thumbnail","6":"product_cat-crystal-bracelets","8":"first","9":"instock","10":"taxable","11":"shipping-taxable","12":"purchasable","13":"product-type-variable","14":"has-default-attributes"},"yoast_head":"<!-- This site is optimized with the Yoast SEO Premium plugin v26.6 (Yoast SEO v26.6) - https:\/\/yoast.com\/wordpress\/plugins\/seo\/ -->\n<title>Black Tourmaline Bracelet - KingCrystal<\/title>\n<meta name=\"robots\" content=\"index, follow, max-snippet:-1, max-image-preview:large, max-video-preview:-1\" \/>\n<link rel=\"canonical\" href=\"https:\/\/kingcrystal.eu\/sl\/shop\/black-tourmaline-bracelet\/\" \/>\n<meta property=\"og:locale\" content=\"sl_SI\" \/>\n<meta property=\"og:type\" content=\"article\" \/>\n<meta property=\"og:title\" content=\"Black Tourmaline Bracelet\" \/>\n<meta property=\"og:description\" content=\"Black Tourmaline Bracelet \u2014 a luxury grounding and protection crystal bracelet designed to repel negative energy, restore emotional calm, and connect you with deep spiritual balance. Made with genuine Black Tourmaline gemstones for powerful healing energy and timeless elegance.\" \/>\n<meta property=\"og:url\" content=\"https:\/\/kingcrystal.eu\/sl\/shop\/black-tourmaline-bracelet\/\" \/>\n<meta property=\"og:site_name\" content=\"KingCrystal\" \/>\n<meta property=\"article:publisher\" content=\"https:\/\/www.facebook.com\/search\/top?q=kingcrystal\" \/>\n<meta property=\"article:modified_time\" content=\"2026-01-25T20:33:11+00:00\" \/>\n<meta property=\"og:image\" content=\"https:\/\/kingcrystal.eu\/wp-content\/uploads\/2019\/09\/b1s1-e1602197103585.png\" \/>\n\t<meta property=\"og:image:width\" content=\"1000\" \/>\n\t<meta property=\"og:image:height\" content=\"1000\" \/>\n\t<meta property=\"og:image:type\" content=\"image\/png\" \/>\n<meta name=\"twitter:card\" content=\"summary_large_image\" \/>\n<script type=\"application\/ld+json\" class=\"yoast-schema-graph\">{\"@context\":\"https:\/\/schema.org\",\"@graph\":[{\"@type\":\"WebPage\",\"@id\":\"https:\/\/kingcrystal.eu\/shop\/black-tourmaline-bracelet\/\",\"url\":\"https:\/\/kingcrystal.eu\/shop\/black-tourmaline-bracelet\/\",\"name\":\"Black Tourmaline Bracelet - KingCrystal\",\"isPartOf\":{\"@id\":\"https:\/\/kingcrystal.eu\/#website\"},\"primaryImageOfPage\":{\"@id\":\"https:\/\/kingcrystal.eu\/shop\/black-tourmaline-bracelet\/#primaryimage\"},\"image\":{\"@id\":\"https:\/\/kingcrystal.eu\/shop\/black-tourmaline-bracelet\/#primaryimage\"},\"thumbnailUrl\":\"https:\/\/kingcrystal.eu\/wp-content\/uploads\/2019\/09\/b1s1-e1602197103585.png\",\"datePublished\":\"2019-09-28T01:17:21+00:00\",\"dateModified\":\"2026-01-25T20:33:11+00:00\",\"breadcrumb\":{\"@id\":\"https:\/\/kingcrystal.eu\/shop\/black-tourmaline-bracelet\/#breadcrumb\"},\"inLanguage\":\"sl-SI\",\"potentialAction\":[{\"@type\":\"ReadAction\",\"target\":[\"https:\/\/kingcrystal.eu\/shop\/black-tourmaline-bracelet\/\"]}]},{\"@type\":\"ImageObject\",\"inLanguage\":\"sl-SI\",\"@id\":\"https:\/\/kingcrystal.eu\/shop\/black-tourmaline-bracelet\/#primaryimage\",\"url\":\"https:\/\/kingcrystal.eu\/wp-content\/uploads\/2019\/09\/b1s1-e1602197103585.png\",\"contentUrl\":\"https:\/\/kingcrystal.eu\/wp-content\/uploads\/2019\/09\/b1s1-e1602197103585.png\",\"width\":1000,\"height\":1000},{\"@type\":\"BreadcrumbList\",\"@id\":\"https:\/\/kingcrystal.eu\/shop\/black-tourmaline-bracelet\/#breadcrumb\",\"itemListElement\":[{\"@type\":\"ListItem\",\"position\":1,\"name\":\"Home\",\"item\":\"https:\/\/kingcrystal.eu\/en\/\"},{\"@type\":\"ListItem\",\"position\":2,\"name\":\"Shop\",\"item\":\"https:\/\/kingcrystal.eu\/shop\/\"},{\"@type\":\"ListItem\",\"position\":3,\"name\":\"Black Tourmaline Bracelet\"}]},{\"@type\":\"WebSite\",\"@id\":\"https:\/\/kingcrystal.eu\/#website\",\"url\":\"https:\/\/kingcrystal.eu\/\",\"name\":\"KingCrystal\",\"description\":\"Finest Natural Jewelry\",\"publisher\":{\"@id\":\"https:\/\/kingcrystal.eu\/#organization\"},\"potentialAction\":[{\"@type\":\"SearchAction\",\"target\":{\"@type\":\"EntryPoint\",\"urlTemplate\":\"https:\/\/kingcrystal.eu\/?s={search_term_string}\"},\"query-input\":{\"@type\":\"PropertyValueSpecification\",\"valueRequired\":true,\"valueName\":\"search_term_string\"}}],\"inLanguage\":\"sl-SI\"},{\"@type\":\"Organization\",\"@id\":\"https:\/\/kingcrystal.eu\/#organization\",\"name\":\"KingCrystal\",\"url\":\"https:\/\/kingcrystal.eu\/\",\"logo\":{\"@type\":\"ImageObject\",\"inLanguage\":\"sl-SI\",\"@id\":\"https:\/\/kingcrystal.eu\/#\/schema\/logo\/image\/\",\"url\":\"https:\/\/kingcrystal.eu\/wp-content\/uploads\/2020\/10\/logo1kx1kCUT-1-300x181_c279f40044eecdd857ab4f753e0c45c8.png\",\"contentUrl\":\"https:\/\/kingcrystal.eu\/wp-content\/uploads\/2020\/10\/logo1kx1kCUT-1-300x181_c279f40044eecdd857ab4f753e0c45c8.png\",\"width\":300,\"height\":181,\"caption\":\"KingCrystal\"},\"image\":{\"@id\":\"https:\/\/kingcrystal.eu\/#\/schema\/logo\/image\/\"},\"sameAs\":[\"https:\/\/www.facebook.com\/search\/top?q=kingcrystal\",\"https:\/\/www.instagram.com\/kingcrystal.eu\/\"]}]}<\/script>\n<!-- \/ Yoast SEO Premium plugin. -->","yoast_head_json":{"title":"Black Tourmaline Bracelet - KingCrystal","robots":{"index":"index","follow":"follow","max-snippet":"max-snippet:-1","max-image-preview":"max-image-preview:large","max-video-preview":"max-video-preview:-1"},"canonical":"https:\/\/kingcrystal.eu\/sl\/shop\/black-tourmaline-bracelet\/","og_locale":"sl_SI","og_type":"article","og_title":"Black Tourmaline Bracelet","og_description":"Black Tourmaline Bracelet \u2014 a luxury grounding and protection crystal bracelet designed to repel negative energy, restore emotional calm, and connect you with deep spiritual balance. Made with genuine Black Tourmaline gemstones for powerful healing energy and timeless elegance.","og_url":"https:\/\/kingcrystal.eu\/sl\/shop\/black-tourmaline-bracelet\/","og_site_name":"KingCrystal","article_publisher":"https:\/\/www.facebook.com\/search\/top?q=kingcrystal","article_modified_time":"2026-01-25T20:33:11+00:00","og_image":[{"width":1000,"height":1000,"url":"https:\/\/kingcrystal.eu\/wp-content\/uploads\/2019\/09\/b1s1-e1602197103585.png","type":"image\/png"}],"twitter_card":"summary_large_image","schema":{"@context":"https:\/\/schema.org","@graph":[{"@type":"WebPage","@id":"https:\/\/kingcrystal.eu\/shop\/black-tourmaline-bracelet\/","url":"https:\/\/kingcrystal.eu\/shop\/black-tourmaline-bracelet\/","name":"Black Tourmaline Bracelet - KingCrystal","isPartOf":{"@id":"https:\/\/kingcrystal.eu\/#website"},"primaryImageOfPage":{"@id":"https:\/\/kingcrystal.eu\/shop\/black-tourmaline-bracelet\/#primaryimage"},"image":{"@id":"https:\/\/kingcrystal.eu\/shop\/black-tourmaline-bracelet\/#primaryimage"},"thumbnailUrl":"https:\/\/kingcrystal.eu\/wp-content\/uploads\/2019\/09\/b1s1-e1602197103585.png","datePublished":"2019-09-28T01:17:21+00:00","dateModified":"2026-01-25T20:33:11+00:00","breadcrumb":{"@id":"https:\/\/kingcrystal.eu\/shop\/black-tourmaline-bracelet\/#breadcrumb"},"inLanguage":"sl-SI","potentialAction":[{"@type":"ReadAction","target":["https:\/\/kingcrystal.eu\/shop\/black-tourmaline-bracelet\/"]}]},{"@type":"ImageObject","inLanguage":"sl-SI","@id":"https:\/\/kingcrystal.eu\/shop\/black-tourmaline-bracelet\/#primaryimage","url":"https:\/\/kingcrystal.eu\/wp-content\/uploads\/2019\/09\/b1s1-e1602197103585.png","contentUrl":"https:\/\/kingcrystal.eu\/wp-content\/uploads\/2019\/09\/b1s1-e1602197103585.png","width":1000,"height":1000},{"@type":"BreadcrumbList","@id":"https:\/\/kingcrystal.eu\/shop\/black-tourmaline-bracelet\/#breadcrumb","itemListElement":[{"@type":"ListItem","position":1,"name":"Home","item":"https:\/\/kingcrystal.eu\/en\/"},{"@type":"ListItem","position":2,"name":"Shop","item":"https:\/\/kingcrystal.eu\/shop\/"},{"@type":"ListItem","position":3,"name":"Black Tourmaline Bracelet"}]},{"@type":"WebSite","@id":"https:\/\/kingcrystal.eu\/#website","url":"https:\/\/kingcrystal.eu\/","name":"KingCrystal","description":"Najbolj\u0161i naravni nakit","publisher":{"@id":"https:\/\/kingcrystal.eu\/#organization"},"potentialAction":[{"@type":"SearchAction","target":{"@type":"EntryPoint","urlTemplate":"https:\/\/kingcrystal.eu\/?s={search_term_string}"},"query-input":{"@type":"PropertyValueSpecification","valueRequired":true,"valueName":"search_term_string"}}],"inLanguage":"sl-SI"},{"@type":"Organization","@id":"https:\/\/kingcrystal.eu\/#organization","name":"KingCrystal","url":"https:\/\/kingcrystal.eu\/","logo":{"@type":"ImageObject","inLanguage":"sl-SI","@id":"https:\/\/kingcrystal.eu\/#\/schema\/logo\/image\/","url":"https:\/\/kingcrystal.eu\/wp-content\/uploads\/2020\/10\/logo1kx1kCUT-1-300x181_c279f40044eecdd857ab4f753e0c45c8.png","contentUrl":"https:\/\/kingcrystal.eu\/wp-content\/uploads\/2020\/10\/logo1kx1kCUT-1-300x181_c279f40044eecdd857ab4f753e0c45c8.png","width":300,"height":181,"caption":"KingCrystal"},"image":{"@id":"https:\/\/kingcrystal.eu\/#\/schema\/logo\/image\/"},"sameAs":["https:\/\/www.facebook.com\/search\/top?q=kingcrystal","https:\/\/www.instagram.com\/kingcrystal.eu\/"]}]}},"_links":{"self":[{"href":"https:\/\/kingcrystal.eu\/sl\/wp-json\/wp\/v2\/product\/1721","targetHints":{"allow":["GET"]}}],"collection":[{"href":"https:\/\/kingcrystal.eu\/sl\/wp-json\/wp\/v2\/product"}],"about":[{"href":"https:\/\/kingcrystal.eu\/sl\/wp-json\/wp\/v2\/types\/product"}],"replies":[{"embeddable":true,"href":"https:\/\/kingcrystal.eu\/sl\/wp-json\/wp\/v2\/comments?post=1721"}],"version-history":[{"count":24,"href":"https:\/\/kingcrystal.eu\/sl\/wp-json\/wp\/v2\/product\/1721\/revisions"}],"predecessor-version":[{"id":8290,"href":"https:\/\/kingcrystal.eu\/sl\/wp-json\/wp\/v2\/product\/1721\/revisions\/8290"}],"wp:featuredmedia":[{"embeddable":true,"href":"https:\/\/kingcrystal.eu\/sl\/wp-json\/wp\/v2\/media\/2297"}],"wp:attachment":[{"href":"https:\/\/kingcrystal.eu\/sl\/wp-json\/wp\/v2\/media?parent=1721"}],"wp:term":[{"taxonomy":"product_brand","embeddable":true,"href":"https:\/\/kingcrystal.eu\/sl\/wp-json\/wp\/v2\/product_brand?post=1721"},{"taxonomy":"product_cat","embeddable":true,"href":"https:\/\/kingcrystal.eu\/sl\/wp-json\/wp\/v2\/product_cat?post=1721"},{"taxonomy":"product_tag","embeddable":true,"href":"https:\/\/kingcrystal.eu\/sl\/wp-json\/wp\/v2\/product_tag?post=1721"}],"curies":[{"name":"delovni list","href":"https:\/\/api.w.org\/{rel}","templated":true}]}}