{"id":9114,"date":"2026-03-26T08:18:59","date_gmt":"2026-03-26T07:18:59","guid":{"rendered":"https:\/\/kingcrystal.eu\/frequently-asked-questions\/"},"modified":"2026-03-27T13:30:46","modified_gmt":"2026-03-27T12:30:46","slug":"frequently-asked-questions","status":"publish","type":"page","link":"https:\/\/kingcrystal.eu\/sl\/frequently-asked-questions\/","title":{"rendered":"KingCrystal FAQ"},"content":{"rendered":"<p>Hitri odgovori s povezavami do podrobnih \u010dlankov.<\/p>\n\n\n<h2 class=\"wp-block-heading\" id=\"gp-faq-0\">Kaj je orgonit in kako deluje?<\/h2>\n\n\n<p>Orgonit je ro\u010dno izdelan kompozit iz smole, kovine in kristalov. Verjame se, da izbolj\u0161uje meditacijo in ustvarja pomirjujo\u010de vzdu\u0161je z uravnote\u017eenjem energije in spodbujanjem \u010dustvenega dobrega po\u010dutja.<\/p>\n\n\n<p><a href=\"https:\/\/kingcrystal.eu\/sl\/understanding-orgonite-composition-and-functionality\/\">Preberite celoten \u010dlanek<\/a><\/p>\n\n\n<h2 class=\"wp-block-heading\" id=\"gp-faq-1\">Kako lahko uporabljam kristalne zapestnice za meditacijo?<\/h2>\n\n\n<p>Kristalne zapestnice lahko uporabljate med meditacijo, tako da jih nosite ali dr\u017eite v roki, da izbolj\u0161ate osredoto\u010denost in namen. Razli\u010dni kristali lahko podpirajo razli\u010dne vidike meditacije, kot so mirnost, jasnost ali ozemljitev.<\/p>\n\n\n<p><a href=\"https:\/\/kingcrystal.eu\/sl\/using-crystal-bracelets-for-enhanced-meditation\/\">Preberite celoten \u010dlanek<\/a><\/p>\n\n\n<h2 class=\"wp-block-heading\" id=\"gp-faq-2\">Kak\u0161ne so prednosti no\u0161enja kristalne zapestnice?<\/h2>\n\n\n<p>No\u0161enje kristalne zapestnice lahko spodbuja \u010dustveno ravnovesje, izbolj\u0161a osredoto\u010denost in zagotavlja ob\u010dutek miru. Vsaka vrsta kristala ponuja edinstvene lastnosti, ki lahko podpirajo osebne namere in dobro po\u010dutje.<\/p>\n\n\n<p><a href=\"https:\/\/kingcrystal.eu\/sl\/benefits-of-wearing-crystal-bracelets\/\">Preberite celoten \u010dlanek<\/a><\/p>\n\n\n<h2 class=\"wp-block-heading\" id=\"gp-faq-3\">Kako izberem pravi kristal za svojo zodiakalno zapestnico?<\/h2>\n\n\n<p>Izbira pravega kristala za va\u0161o zodiakalno zapestnico vklju\u010duje razumevanje zna\u010dilnosti va\u0161ega astrolo\u0161kega znamenja in izbiro kristalov, ki te lastnosti poudarjajo. Vsako zodiakalno znamenje je povezano s specifi\u010dnimi kristali, ki lahko podpirajo osebno rast in \u010dustveno ravnovesje.<\/p>\n\n\n<p><a href=\"https:\/\/kingcrystal.eu\/sl\/selecting-the-perfect-crystal-for-your-zodiac-bracelet\/\">Preberite celoten \u010dlanek<\/a><\/p>\n\n\n<h2 class=\"wp-block-heading\" id=\"gp-faq-4\">Kateri materiali se uporabljajo v orgonitih KingCrystal?<\/h2>\n\n\n<p>KingCrystal orgoniti so narejeni iz kombinacije smole, kovinskih ostru\u017ekov in razli\u010dnih kristalov. Ta edinstvena me\u0161anica je zasnovana tako, da ustvari mo\u010dno energijsko polje, ki izbolj\u0161a vzdu\u0161je katerega koli prostora.<\/p>\n\n\n<p><a href=\"https:\/\/kingcrystal.eu\/sl\/materials-behind-kingcrystal-orgonites\/\">Preberite celoten \u010dlanek<\/a><\/p>\n\n\n<h2 class=\"wp-block-heading\" id=\"gp-faq-5\">Kako lahko orgoniti izbolj\u0161ajo moj bivalni prostor?<\/h2>\n\n\n<p>Postavitev orgonitov v va\u0161 bivalni prostor lahko pomaga ustvariti pomirjujo\u010de vzdu\u0161je in spodbudi pretok pozitivne energije. Verjame se, da harmonizirajo okolje, zaradi \u010desar je bolj ugodno za sprostitev in osredoto\u010denost.<\/p>\n\n\n<p><a href=\"https:\/\/kingcrystal.eu\/sl\/enhancing-your-living-space-with-orgonites\/\">Preberite celoten \u010dlanek<\/a><\/p>\n\n\n<h2 class=\"wp-block-heading\" id=\"gp-faq-6\">Kak\u0161en je zgodovinski kontekst orgonita?<\/h2>\n\n\n<p>Orgonit je navdihnjen z delom Wilhelma Reicha, ki je v za\u010detku 20. stoletja teoretiziral o orgonski energiji. Sodobna uporaba orgonita kot orodja za dobro po\u010dutje se je razvila iz teh zgodnjih konceptov, ki zdru\u017eujejo znanost in metafizi\u010dna prepri\u010danja.<\/p>\n\n\n<p><a href=\"https:\/\/kingcrystal.eu\/sl\/the-historical-background-of-orgonite\/\">Preberite celoten \u010dlanek<\/a><\/p>\n\n\n<h2 class=\"wp-block-heading\" id=\"gp-faq-7\">Kako o\u010distim svoje kristale in orgonite?<\/h2>\n\n\n<p>\u010ci\u0161\u010denje kristalov in orgonitov je bistvenega pomena za ohranjanje njihovih energijskih lastnosti. Metode vklju\u010dujejo uporabo slane vode, \u017eajbljevega razmazovanja ali postavitev pod mese\u010dino za polnjenje in \u010di\u0161\u010denje njihove energije.<\/p>\n\n\n<p><a href=\"https:\/\/kingcrystal.eu\/sl\/cleansing-techniques-for-crystals-and-orgonites\/\">Preberite celoten \u010dlanek<\/a><\/p>\n\n\n<h2 class=\"wp-block-heading\" id=\"gp-faq-8\">Kaj dela zapestnice KingCrystal edinstvene?<\/h2>\n\n\n<p>Zapestnice KingCrystal so ro\u010dno izdelane iz visokokakovostnih naravnih kamnov, kar zagotavlja, da je vsak kos edinstven in pre\u017eet s specifi\u010dnimi energijskimi lastnostmi. Njihova osredoto\u010denost na zavestno \u017eivljenje in osebno povezanost jih lo\u010di od drugih na trgu.<\/p>\n\n\n<p><a href=\"https:\/\/kingcrystal.eu\/sl\/the-uniqueness-of-kingcrystal-bracelets\/\">Preberite celoten \u010dlanek<\/a><\/p>\n\n\n<h2 class=\"wp-block-heading\" id=\"gp-faq-9\">Kak\u0161ne so primerjave kristalnih zapestnic s tradicionalnim nakitom?<\/h2>\n\n\n<p>Kristalne zapestnice se od tradicionalnega nakita razlikujejo po tem, da niso zasnovane le zaradi estetske privla\u010dnosti, temve\u010d tudi zaradi svojih energijskih lastnosti in osebnega namena. Slu\u017eijo kot orodja za \u010duje\u010dnost in \u010dustveno podporo ter izbolj\u0161ujejo izku\u0161njo uporabnika.<\/p>\n\n\n<p><a href=\"https:\/\/kingcrystal.eu\/sl\/crystal-bracelets-vs-traditional-jewelry\/\">Preberite celoten \u010dlanek<\/a><\/p>\n\n\n<h2 class=\"wp-block-heading\" id=\"gp-faq-10\">Katere so najbolj\u0161e prilo\u017enosti za podarjanje kristalnih zapestnic?<\/h2>\n\n\n<p>Kristalne zapestnice so pomenljiva darila za razli\u010dne prilo\u017enosti, kot so rojstni dnevi, obletnice ali kot gesta podpore v te\u017ekih \u010dasih. Njihove edinstvene lastnosti lahko odmevajo z osebno potjo in nameni prejemnika.<\/p>\n\n\n<p><a href=\"https:\/\/kingcrystal.eu\/sl\/mindful-gifting-when-to-gift-crystal-bracelets\/\">Preberite celoten \u010dlanek<\/a><\/p>\n\n\n<h2 class=\"wp-block-heading\" id=\"gp-faq-11\">Kako so izdelani KingCrystal orgoniti?<\/h2>\n\n\n<p>Orgoniti KingCrystal so izdelani s skrbnim postopkom, ki vklju\u010duje nana\u0161anje smole, kovine in kristalov, da se ustvari uravnote\u017een in harmoni\u010den kos. Vsak orgonit je ro\u010dno izdelan, kar zagotavlja kakovost in pozornost do detajlov pri vsaki kreaciji.<\/p>\n\n\n<p><a href=\"https:\/\/kingcrystal.eu\/sl\/crafting-kingcrystal-orgonites-the-process\/\">Preberite celoten \u010dlanek<\/a><\/p>","protected":false},"excerpt":{"rendered":"<p>Quick answers with links to in-depth articles. What is orgonite and how does it work? Orgonite is a handcrafted composite made from resin, metal, and crystals. It is believed to enhance meditation and create a calming atmosphere by balancing energy and promoting emotional well-being. Read the full article How can I use crystal bracelets for [&hellip;]<\/p>","protected":false},"author":14,"featured_media":0,"parent":0,"menu_order":0,"comment_status":"closed","ping_status":"closed","template":"","meta":{"footnotes":""},"class_list":["post-9114","page","type-page","status-publish","hentry"],"yoast_head":"<!-- This site is optimized with the Yoast SEO Premium plugin v26.6 (Yoast SEO v26.6) - https:\/\/yoast.com\/wordpress\/plugins\/seo\/ -->\n<title>KingCrystal FAQ - KingCrystal<\/title>\n<meta name=\"robots\" content=\"index, follow, max-snippet:-1, max-image-preview:large, max-video-preview:-1\" \/>\n<link rel=\"canonical\" href=\"https:\/\/kingcrystal.eu\/sl\/frequently-asked-questions\/\" \/>\n<meta property=\"og:locale\" content=\"sl_SI\" \/>\n<meta property=\"og:type\" content=\"article\" \/>\n<meta property=\"og:title\" content=\"KingCrystal FAQ\" \/>\n<meta property=\"og:description\" content=\"Quick answers with links to in-depth articles. What is orgonite and how does it work? Orgonite is a handcrafted composite made from resin, metal, and crystals. It is believed to enhance meditation and create a calming atmosphere by balancing energy and promoting emotional well-being. Read the full article How can I use crystal bracelets for [&hellip;]\" \/>\n<meta property=\"og:url\" content=\"https:\/\/kingcrystal.eu\/sl\/frequently-asked-questions\/\" \/>\n<meta property=\"og:site_name\" content=\"KingCrystal\" \/>\n<meta property=\"article:publisher\" content=\"https:\/\/www.facebook.com\/search\/top?q=kingcrystal\" \/>\n<meta property=\"article:modified_time\" content=\"2026-03-27T12:30:46+00:00\" \/>\n<meta name=\"twitter:card\" content=\"summary_large_image\" \/>\n<meta name=\"twitter:label1\" content=\"Est. reading time\" \/>\n\t<meta name=\"twitter:data1\" content=\"3 minute\" \/>\n<script type=\"application\/ld+json\" class=\"yoast-schema-graph\">{\"@context\":\"https:\/\/schema.org\",\"@graph\":[{\"@type\":\"WebPage\",\"@id\":\"https:\/\/kingcrystal.eu\/frequently-asked-questions\/\",\"url\":\"https:\/\/kingcrystal.eu\/frequently-asked-questions\/\",\"name\":\"KingCrystal FAQ - KingCrystal\",\"isPartOf\":{\"@id\":\"https:\/\/kingcrystal.eu\/#website\"},\"datePublished\":\"2026-03-26T07:18:59+00:00\",\"dateModified\":\"2026-03-27T12:30:46+00:00\",\"breadcrumb\":{\"@id\":\"https:\/\/kingcrystal.eu\/frequently-asked-questions\/#breadcrumb\"},\"inLanguage\":\"sl-SI\",\"potentialAction\":[{\"@type\":\"ReadAction\",\"target\":[\"https:\/\/kingcrystal.eu\/frequently-asked-questions\/\"]}]},{\"@type\":\"BreadcrumbList\",\"@id\":\"https:\/\/kingcrystal.eu\/frequently-asked-questions\/#breadcrumb\",\"itemListElement\":[{\"@type\":\"ListItem\",\"position\":1,\"name\":\"Home\",\"item\":\"https:\/\/kingcrystal.eu\/en\/\"},{\"@type\":\"ListItem\",\"position\":2,\"name\":\"KingCrystal FAQ\"}]},{\"@type\":\"WebSite\",\"@id\":\"https:\/\/kingcrystal.eu\/#website\",\"url\":\"https:\/\/kingcrystal.eu\/\",\"name\":\"KingCrystal\",\"description\":\"Finest Natural Jewelry\",\"publisher\":{\"@id\":\"https:\/\/kingcrystal.eu\/#organization\"},\"potentialAction\":[{\"@type\":\"SearchAction\",\"target\":{\"@type\":\"EntryPoint\",\"urlTemplate\":\"https:\/\/kingcrystal.eu\/?s={search_term_string}\"},\"query-input\":{\"@type\":\"PropertyValueSpecification\",\"valueRequired\":true,\"valueName\":\"search_term_string\"}}],\"inLanguage\":\"sl-SI\"},{\"@type\":\"Organization\",\"@id\":\"https:\/\/kingcrystal.eu\/#organization\",\"name\":\"KingCrystal\",\"url\":\"https:\/\/kingcrystal.eu\/\",\"logo\":{\"@type\":\"ImageObject\",\"inLanguage\":\"sl-SI\",\"@id\":\"https:\/\/kingcrystal.eu\/#\/schema\/logo\/image\/\",\"url\":\"https:\/\/kingcrystal.eu\/wp-content\/uploads\/2020\/10\/logo1kx1kCUT-1-300x181_c279f40044eecdd857ab4f753e0c45c8.png\",\"contentUrl\":\"https:\/\/kingcrystal.eu\/wp-content\/uploads\/2020\/10\/logo1kx1kCUT-1-300x181_c279f40044eecdd857ab4f753e0c45c8.png\",\"width\":300,\"height\":181,\"caption\":\"KingCrystal\"},\"image\":{\"@id\":\"https:\/\/kingcrystal.eu\/#\/schema\/logo\/image\/\"},\"sameAs\":[\"https:\/\/www.facebook.com\/search\/top?q=kingcrystal\",\"https:\/\/www.instagram.com\/kingcrystal.eu\/\"]}]}<\/script>\n<!-- \/ Yoast SEO Premium plugin. -->","yoast_head_json":{"title":"KingCrystal FAQ - KingCrystal","robots":{"index":"index","follow":"follow","max-snippet":"max-snippet:-1","max-image-preview":"max-image-preview:large","max-video-preview":"max-video-preview:-1"},"canonical":"https:\/\/kingcrystal.eu\/sl\/frequently-asked-questions\/","og_locale":"sl_SI","og_type":"article","og_title":"KingCrystal FAQ","og_description":"Quick answers with links to in-depth articles. What is orgonite and how does it work? Orgonite is a handcrafted composite made from resin, metal, and crystals. It is believed to enhance meditation and create a calming atmosphere by balancing energy and promoting emotional well-being. Read the full article How can I use crystal bracelets for [&hellip;]","og_url":"https:\/\/kingcrystal.eu\/sl\/frequently-asked-questions\/","og_site_name":"KingCrystal","article_publisher":"https:\/\/www.facebook.com\/search\/top?q=kingcrystal","article_modified_time":"2026-03-27T12:30:46+00:00","twitter_card":"summary_large_image","twitter_misc":{"Est. reading time":"3 minute"},"schema":{"@context":"https:\/\/schema.org","@graph":[{"@type":"WebPage","@id":"https:\/\/kingcrystal.eu\/frequently-asked-questions\/","url":"https:\/\/kingcrystal.eu\/frequently-asked-questions\/","name":"KingCrystal FAQ - KingCrystal","isPartOf":{"@id":"https:\/\/kingcrystal.eu\/#website"},"datePublished":"2026-03-26T07:18:59+00:00","dateModified":"2026-03-27T12:30:46+00:00","breadcrumb":{"@id":"https:\/\/kingcrystal.eu\/frequently-asked-questions\/#breadcrumb"},"inLanguage":"sl-SI","potentialAction":[{"@type":"ReadAction","target":["https:\/\/kingcrystal.eu\/frequently-asked-questions\/"]}]},{"@type":"BreadcrumbList","@id":"https:\/\/kingcrystal.eu\/frequently-asked-questions\/#breadcrumb","itemListElement":[{"@type":"ListItem","position":1,"name":"Home","item":"https:\/\/kingcrystal.eu\/en\/"},{"@type":"ListItem","position":2,"name":"KingCrystal FAQ"}]},{"@type":"WebSite","@id":"https:\/\/kingcrystal.eu\/#website","url":"https:\/\/kingcrystal.eu\/","name":"KingCrystal","description":"Najbolj\u0161i naravni nakit","publisher":{"@id":"https:\/\/kingcrystal.eu\/#organization"},"potentialAction":[{"@type":"SearchAction","target":{"@type":"EntryPoint","urlTemplate":"https:\/\/kingcrystal.eu\/?s={search_term_string}"},"query-input":{"@type":"PropertyValueSpecification","valueRequired":true,"valueName":"search_term_string"}}],"inLanguage":"sl-SI"},{"@type":"Organization","@id":"https:\/\/kingcrystal.eu\/#organization","name":"KingCrystal","url":"https:\/\/kingcrystal.eu\/","logo":{"@type":"ImageObject","inLanguage":"sl-SI","@id":"https:\/\/kingcrystal.eu\/#\/schema\/logo\/image\/","url":"https:\/\/kingcrystal.eu\/wp-content\/uploads\/2020\/10\/logo1kx1kCUT-1-300x181_c279f40044eecdd857ab4f753e0c45c8.png","contentUrl":"https:\/\/kingcrystal.eu\/wp-content\/uploads\/2020\/10\/logo1kx1kCUT-1-300x181_c279f40044eecdd857ab4f753e0c45c8.png","width":300,"height":181,"caption":"KingCrystal"},"image":{"@id":"https:\/\/kingcrystal.eu\/#\/schema\/logo\/image\/"},"sameAs":["https:\/\/www.facebook.com\/search\/top?q=kingcrystal","https:\/\/www.instagram.com\/kingcrystal.eu\/"]}]}},"_links":{"self":[{"href":"https:\/\/kingcrystal.eu\/sl\/wp-json\/wp\/v2\/pages\/9114","targetHints":{"allow":["GET"]}}],"collection":[{"href":"https:\/\/kingcrystal.eu\/sl\/wp-json\/wp\/v2\/pages"}],"about":[{"href":"https:\/\/kingcrystal.eu\/sl\/wp-json\/wp\/v2\/types\/page"}],"author":[{"embeddable":true,"href":"https:\/\/kingcrystal.eu\/sl\/wp-json\/wp\/v2\/users\/14"}],"replies":[{"embeddable":true,"href":"https:\/\/kingcrystal.eu\/sl\/wp-json\/wp\/v2\/comments?post=9114"}],"version-history":[{"count":6,"href":"https:\/\/kingcrystal.eu\/sl\/wp-json\/wp\/v2\/pages\/9114\/revisions"}],"predecessor-version":[{"id":9325,"href":"https:\/\/kingcrystal.eu\/sl\/wp-json\/wp\/v2\/pages\/9114\/revisions\/9325"}],"wp:attachment":[{"href":"https:\/\/kingcrystal.eu\/sl\/wp-json\/wp\/v2\/media?parent=9114"}],"curies":[{"name":"delovni list","href":"https:\/\/api.w.org\/{rel}","templated":true}]}}