{"id":8804,"date":"2026-03-24T16:01:09","date_gmt":"2026-03-24T15:01:09","guid":{"rendered":"https:\/\/kingcrystal.eu\/?page_id=8804"},"modified":"2026-03-24T16:47:39","modified_gmt":"2026-03-24T15:47:39","slug":"contact-us","status":"publish","type":"page","link":"https:\/\/kingcrystal.eu\/sl\/contact-us\/","title":{"rendered":"contact-us"},"content":{"rendered":"<div data-elementor-type=\"wp-page\" data-elementor-id=\"8804\" class=\"elementor elementor-8804\" data-elementor-post-type=\"page\">\n\t\t\t\t<div class=\"elementor-element elementor-element-6f98a4e e-flex e-con-boxed e-con e-parent\" data-id=\"6f98a4e\" data-element_type=\"container\" data-e-type=\"container\" data-settings=\"{&quot;jet_parallax_layout_list&quot;:[]}\">\n\t\t\t\t\t<div class=\"e-con-inner\">\n\t\t\t\t<div class=\"elementor-element elementor-element-b0eb2c8 elementor-widget elementor-widget-html\" data-id=\"b0eb2c8\" data-element_type=\"widget\" data-e-type=\"widget\" data-widget_type=\"html.default\">\n\t\t\t\t<div class=\"elementor-widget-container\">\n\t\t\t\t\t<section class=\"kc-contact-page\">\r\n  <div class=\"kc-container\">\r\n    <div class=\"kc-hero\">\r\n      <div class=\"kc-hero-copy\">\r\n        <span class=\"kc-eyebrow\">Kralj kristal<\/span>\r\n        <h1>Kontaktirajte nas za kristalne zapestnice, zapestnice z zodiakom in orgonite<\/h1>\r\n        <p>\r\n          I\u0161\u010dete popolno kristalno zapestnico, zapestnico z zodiakom ali ro\u010dno izdelan orgonit? Za priporo\u010dila izdelkov, podporo pri naro\u010dilih in kristalne kose po meri se obrnite na King Crystal.\r\n        <\/p>\r\n        <div class=\"kc-hero-buttons\">\r\n          <a class=\"kc-btn kc-btn-dark\" href=\"#kc-contact-form\">Pridobite kristalno vodenje<\/a>\r\n          <a class=\"kc-btn kc-btn-light\" href=\"mailto:info@kingcrystal.eu\">Po\u0161ljite nam neposredno e-po\u0161to<\/a>\r\n        <\/div>\r\n      <\/div>\r\n\r\n      <div class=\"kc-contact-cards\">\r\n        <div class=\"kc-card\">\r\n          <h3>Mail<\/h3>\r\n          <p><a href=\"mailto:info@kingcrystal.eu\">info@kingcrystal.eu<\/a><\/p>\r\n          <span>Vpra\u0161anja o kristalnih zapestnicah, zapestnicah z zodiakom, orgonitih in naro\u010dilih.<\/span>\r\n        <\/div>\r\n\r\n        <div class=\"kc-card\">\r\n          <h3>Telefon<\/h3>\r\n          <p><a href=\"tel:+38668644388\">+386 68 644 388<\/a><\/p>\r\n          <span>Hitra pomo\u010d pri izbiri pravega kristalnega nakita.<\/span>\r\n        <\/div>\r\n      <\/div>\r\n    <\/div>\r\n\r\n    <div class=\"kc-grid\">\r\n      <div class=\"kc-form-wrap\" id=\"kc-contact-form\">\r\n        <span class=\"kc-eyebrow\">Kontaktirajte King Crystal<\/span>\r\n        <h2>Poi\u0161\u010dite svojo popolno kristalno zapestnico ali orgonit<\/h2>\r\n        <p>\r\n          Povejte nam svoje zodiakalno znamenje, namen ali energijske cilje in priporo\u010dili vam bomo najbolj\u0161o kristalno zapestnico, zodiakalno zapestnico ali orgonit.\r\n        <\/p>\r\n      <\/div>\r\n\r\n      <div class=\"kc-side-wrap\">\r\n        <div class=\"kc-side-card\">\r\n          <h3>Zakaj nas stranke kontaktirajo<\/h3>\r\n          <ul>\r\n            <li>Priporo\u010dila za zapestnico s kristali za ljubezen, za\u0161\u010dito in obilje<\/li>\r\n            <li>Ujemanje zodiakalne zapestnice glede na astrolo\u0161ko znamenje in namen<\/li>\r\n            <li>Ro\u010dno izdelani orgoniti za ravnovesje, energijo in darila<\/li>\r\n            <li>Ideje za darila po meri in podpora pri naro\u010dilu<\/li>\r\n          <\/ul>\r\n        <\/div>\r\n\r\n        <div class=\"kc-side-card kc-side-dark\">\r\n          <span class=\"kc-eyebrow kc-eyebrow-light\">Priljubljene kategorije<\/span>\r\n          <h3>Nakupujte najbolj prodajane kristalne kose<\/h3>\r\n          <p>Razi\u0161\u010dite ro\u010dno izdelan nakit in energijska orodja, ki jih imajo na\u0161e stranke radi.<\/p>\r\n          <div class=\"kc-tags\">\r\n            <a href=\"https:\/\/kingcrystal.eu\/sl\/kategorija-izdelka\/bracelets\/magic-crystal-bracelets\/\">Zapestnice iz \u010darobnih kristalov<\/a>\r\n            <a href=\"https:\/\/kingcrystal.eu\/sl\/kategorija-izdelka\/bracelets\/zodiac-bracelets\/\">Zapestnice z zodiakom<\/a>\r\n            <a href=\"https:\/\/kingcrystal.eu\/sl\/kategorija-izdelka\/orgonites\/\">Orgoniti<\/a>\r\n          <\/div>\r\n        <\/div>\r\n      <\/div>\r\n    <\/div>\r\n  <\/div>\r\n<\/section>\r\n\r\n<style>\r\n  .kc-contact-page {\r\n    background: #f7f5f1;\r\n    padding: 50px 20px;\r\n  }\r\n\r\n  .kc-container {\r\n    max-width: 1200px;\r\n    margin: 0 auto;\r\n  }\r\n\r\n  .kc-hero {\r\n    display: grid;\r\n    grid-template-columns: 1.3fr 0.9fr;\r\n    gap: 32px;\r\n    align-items: center;\r\n    padding: 50px;\r\n    background: #ffffff;\r\n    border: 1px solid #e8e2d8;\r\n    border-radius: 24px;\r\n    box-shadow: 0 10px 30px rgba(0,0,0,0.04);\r\n    margin-bottom: 32px;\r\n  }\r\n\r\n  .kc-eyebrow {\r\n    display: inline-block;\r\n    margin-bottom: 14px;\r\n    font-size: 12px;\r\n    letter-spacing: 0.18em;\r\n    text-transform: uppercase;\r\n    font-weight: 700;\r\n    color: #b38728;\r\n  }\r\n\r\n  .kc-eyebrow-light {\r\n    color: #e6c36a;\r\n  }\r\n\r\n  .kc-hero h1,\r\n  .kc-form-wrap h2 {\r\n    margin: 0 0 16px;\r\n    line-height: 1.15;\r\n    color: #1f1b16;\r\n  }\r\n\r\n  .kc-hero h1 {\r\n    font-size: 48px;\r\n  }\r\n\r\n  .kc-form-wrap h2 {\r\n    font-size: 34px;\r\n  }\r\n\r\n  .kc-hero p,\r\n  .kc-form-wrap p,\r\n  .kc-side-card p,\r\n  .kc-side-card li,\r\n  .kc-card span {\r\n    color: #5e564d;\r\n    font-size: 16px;\r\n    line-height: 1.7;\r\n  }\r\n\r\n  .kc-hero-buttons {\r\n    display: flex;\r\n    flex-wrap: wrap;\r\n    gap: 14px;\r\n    margin-top: 28px;\r\n  }\r\n\r\n  .kc-btn {\r\n    display: inline-block;\r\n    padding: 14px 22px;\r\n    border-radius: 14px;\r\n    text-decoration: none;\r\n    font-weight: 700;\r\n    transition: all 0.2s ease;\r\n  }\r\n\r\n  .kc-btn-dark {\r\n    background: #1f1b16;\r\n    color: #fff;\r\n  }\r\n\r\n  .kc-btn-light {\r\n    background: #fff;\r\n    color: #1f1b16;\r\n    border: 1px solid #d9d1c5;\r\n  }\r\n\r\n  .kc-btn:hover {\r\n    transform: translateY(-1px);\r\n  }\r\n\r\n  .kc-contact-cards {\r\n    display: grid;\r\n    gap: 16px;\r\n  }\r\n\r\n  .kc-card,\r\n  .kc-form-wrap,\r\n  .kc-side-card {\r\n    background: #fff;\r\n    border: 1px solid #e8e2d8;\r\n    border-radius: 22px;\r\n    padding: 28px;\r\n    box-shadow: 0 10px 30px rgba(0,0,0,0.04);\r\n  }\r\n\r\n  .kc-card h3,\r\n  .kc-side-card h3 {\r\n    margin: 0 0 10px;\r\n    font-size: 22px;\r\n    color: #1f1b16;\r\n  }\r\n\r\n  .kc-card p {\r\n    margin: 0 0 8px;\r\n    font-size: 20px;\r\n    font-weight: 700;\r\n  }\r\n\r\n  .kc-card a,\r\n  .kc-side-card a {\r\n    color: #1f1b16;\r\n    text-decoration: none;\r\n  }\r\n\r\n  .kc-grid {\r\n    display: grid;\r\n    grid-template-columns: 1.2fr 0.8fr;\r\n    gap: 32px;\r\n  }\r\n\r\n  .kc-side-wrap {\r\n    display: grid;\r\n    gap: 24px;\r\n  }\r\n\r\n  .kc-side-card ul {\r\n    margin: 18px 0 0;\r\n    padding-left: 18px;\r\n  }\r\n\r\n  .kc-side-dark {\r\n    background: #1f1b16;\r\n    color: #fff;\r\n    border-color: #1f1b16;\r\n  }\r\n\r\n  .kc-side-dark h3,\r\n  .kc-side-dark p,\r\n  .kc-side-dark li {\r\n    color: #fff;\r\n  }\r\n\r\n  .kc-tags {\r\n    display: flex;\r\n    flex-wrap: wrap;\r\n    gap: 10px;\r\n    margin-top: 18px;\r\n  }\r\n\r\n  .kc-tags a {\r\n    display: inline-block;\r\n    padding: 10px 14px;\r\n    border-radius: 999px;\r\n    background: rgba(255,255,255,0.08);\r\n    color: #fff;\r\n    font-size: 13px;\r\n    font-weight: 600;\r\n    text-decoration: none;\r\n    transition: all 0.2s ease;\r\n  }\r\n\r\n  .kc-tags a:hover {\r\n    background: rgba(255,255,255,0.16);\r\n  }\r\n\r\n  .kc-form-wrap .wpcf7-form {\r\n    margin-top: 24px;\r\n  }\r\n\r\n  .kc-form-wrap input,\r\n  .kc-form-wrap select,\r\n  .kc-form-wrap textarea {\r\n    width: 100%;\r\n    border: 1px solid #d9d1c5;\r\n    border-radius: 14px;\r\n    padding: 14px 16px;\r\n    margin-top: 8px;\r\n    margin-bottom: 16px;\r\n    background: #fff;\r\n    font-size: 15px;\r\n  }\r\n\r\n  .kc-form-wrap textarea {\r\n    min-height: 140px;\r\n  }\r\n\r\n  .kc-form-wrap input[type=\"submit\"] {\r\n    width: auto;\r\n    background: #c79b3b;\r\n    color: #1f1b16;\r\n    border: none;\r\n    font-weight: 700;\r\n    padding: 14px 24px;\r\n    cursor: pointer;\r\n  }\r\n\r\n  @media (max-width: 991px) {\r\n    .kc-hero,\r\n    .kc-grid {\r\n      grid-template-columns: 1fr;\r\n    }\r\n\r\n    .kc-hero {\r\n      padding: 32px;\r\n    }\r\n\r\n    .kc-hero h1 {\r\n      font-size: 36px;\r\n    }\r\n\r\n    .kc-form-wrap h2 {\r\n      font-size: 28px;\r\n    }\r\n  }\r\n\r\n  @media (max-width: 767px) {\r\n    .kc-contact-page {\r\n      padding: 24px 14px;\r\n    }\r\n\r\n    .kc-hero,\r\n    .kc-form-wrap,\r\n    .kc-side-card,\r\n    .kc-card {\r\n      padding: 22px;\r\n      border-radius: 18px;\r\n    }\r\n\r\n    .kc-hero h1 {\r\n      font-size: 30px;\r\n    }\r\n  }\r\n<\/style>\t\t\t\t<\/div>\n\t\t\t\t<\/div>\n\t\t\t\t\t<\/div>\n\t\t\t\t<\/div>\n\t\t\t\t<\/div>","protected":false},"excerpt":{"rendered":"<p>King Crystal Contact us for crystal bracelets, zodiac bracelets and orgonites Looking for the perfect crystal bracelet, zodiac bracelet or handmade orgonite? Contact King Crystal for product recommendations, order support and custom crystal pieces. Get crystal guidance Email us directly Email info@kingcrystal.eu Questions about crystal bracelets, zodiac bracelets, orgonites and orders. Phone +386 68 644 [&hellip;]<\/p>","protected":false},"author":14,"featured_media":0,"parent":0,"menu_order":0,"comment_status":"closed","ping_status":"closed","template":"","meta":{"footnotes":""},"class_list":["post-8804","page","type-page","status-publish","hentry"],"yoast_head":"<!-- This site is optimized with the Yoast SEO Premium plugin v26.6 (Yoast SEO v26.6) - https:\/\/yoast.com\/wordpress\/plugins\/seo\/ -->\n<title>contact-us - KingCrystal<\/title>\n<meta name=\"robots\" content=\"index, follow, max-snippet:-1, max-image-preview:large, max-video-preview:-1\" \/>\n<link rel=\"canonical\" href=\"https:\/\/kingcrystal.eu\/sl\/contact-us\/\" \/>\n<meta property=\"og:locale\" content=\"sl_SI\" \/>\n<meta property=\"og:type\" content=\"article\" \/>\n<meta property=\"og:title\" content=\"contact-us\" \/>\n<meta property=\"og:description\" content=\"King Crystal Contact us for crystal bracelets, zodiac bracelets and orgonites Looking for the perfect crystal bracelet, zodiac bracelet or handmade orgonite? Contact King Crystal for product recommendations, order support and custom crystal pieces. Get crystal guidance Email us directly Email info@kingcrystal.eu Questions about crystal bracelets, zodiac bracelets, orgonites and orders. Phone +386 68 644 [&hellip;]\" \/>\n<meta property=\"og:url\" content=\"https:\/\/kingcrystal.eu\/sl\/contact-us\/\" \/>\n<meta property=\"og:site_name\" content=\"KingCrystal\" \/>\n<meta property=\"article:publisher\" content=\"https:\/\/www.facebook.com\/search\/top?q=kingcrystal\" \/>\n<meta property=\"article:modified_time\" content=\"2026-03-24T15:47:39+00:00\" \/>\n<meta name=\"twitter:card\" content=\"summary_large_image\" \/>\n<meta name=\"twitter:label1\" content=\"Est. reading time\" \/>\n\t<meta name=\"twitter:data1\" content=\"1 minuta\" \/>\n<script type=\"application\/ld+json\" class=\"yoast-schema-graph\">{\"@context\":\"https:\/\/schema.org\",\"@graph\":[{\"@type\":\"WebPage\",\"@id\":\"https:\/\/kingcrystal.eu\/contact-us\/\",\"url\":\"https:\/\/kingcrystal.eu\/contact-us\/\",\"name\":\"contact-us - KingCrystal\",\"isPartOf\":{\"@id\":\"https:\/\/kingcrystal.eu\/#website\"},\"datePublished\":\"2026-03-24T15:01:09+00:00\",\"dateModified\":\"2026-03-24T15:47:39+00:00\",\"breadcrumb\":{\"@id\":\"https:\/\/kingcrystal.eu\/contact-us\/#breadcrumb\"},\"inLanguage\":\"sl-SI\",\"potentialAction\":[{\"@type\":\"ReadAction\",\"target\":[\"https:\/\/kingcrystal.eu\/contact-us\/\"]}]},{\"@type\":\"BreadcrumbList\",\"@id\":\"https:\/\/kingcrystal.eu\/contact-us\/#breadcrumb\",\"itemListElement\":[{\"@type\":\"ListItem\",\"position\":1,\"name\":\"Home\",\"item\":\"https:\/\/kingcrystal.eu\/en\/\"},{\"@type\":\"ListItem\",\"position\":2,\"name\":\"contact-us\"}]},{\"@type\":\"WebSite\",\"@id\":\"https:\/\/kingcrystal.eu\/#website\",\"url\":\"https:\/\/kingcrystal.eu\/\",\"name\":\"KingCrystal\",\"description\":\"Finest Natural Jewelry\",\"publisher\":{\"@id\":\"https:\/\/kingcrystal.eu\/#organization\"},\"potentialAction\":[{\"@type\":\"SearchAction\",\"target\":{\"@type\":\"EntryPoint\",\"urlTemplate\":\"https:\/\/kingcrystal.eu\/?s={search_term_string}\"},\"query-input\":{\"@type\":\"PropertyValueSpecification\",\"valueRequired\":true,\"valueName\":\"search_term_string\"}}],\"inLanguage\":\"sl-SI\"},{\"@type\":\"Organization\",\"@id\":\"https:\/\/kingcrystal.eu\/#organization\",\"name\":\"KingCrystal\",\"url\":\"https:\/\/kingcrystal.eu\/\",\"logo\":{\"@type\":\"ImageObject\",\"inLanguage\":\"sl-SI\",\"@id\":\"https:\/\/kingcrystal.eu\/#\/schema\/logo\/image\/\",\"url\":\"https:\/\/kingcrystal.eu\/wp-content\/uploads\/2020\/10\/logo1kx1kCUT-1-300x181_c279f40044eecdd857ab4f753e0c45c8.png\",\"contentUrl\":\"https:\/\/kingcrystal.eu\/wp-content\/uploads\/2020\/10\/logo1kx1kCUT-1-300x181_c279f40044eecdd857ab4f753e0c45c8.png\",\"width\":300,\"height\":181,\"caption\":\"KingCrystal\"},\"image\":{\"@id\":\"https:\/\/kingcrystal.eu\/#\/schema\/logo\/image\/\"},\"sameAs\":[\"https:\/\/www.facebook.com\/search\/top?q=kingcrystal\",\"https:\/\/www.instagram.com\/kingcrystal.eu\/\"]}]}<\/script>\n<!-- \/ Yoast SEO Premium plugin. -->","yoast_head_json":{"title":"contact-us - KingCrystal","robots":{"index":"index","follow":"follow","max-snippet":"max-snippet:-1","max-image-preview":"max-image-preview:large","max-video-preview":"max-video-preview:-1"},"canonical":"https:\/\/kingcrystal.eu\/sl\/contact-us\/","og_locale":"sl_SI","og_type":"article","og_title":"contact-us","og_description":"King Crystal Contact us for crystal bracelets, zodiac bracelets and orgonites Looking for the perfect crystal bracelet, zodiac bracelet or handmade orgonite? Contact King Crystal for product recommendations, order support and custom crystal pieces. Get crystal guidance Email us directly Email info@kingcrystal.eu Questions about crystal bracelets, zodiac bracelets, orgonites and orders. Phone +386 68 644 [&hellip;]","og_url":"https:\/\/kingcrystal.eu\/sl\/contact-us\/","og_site_name":"KingCrystal","article_publisher":"https:\/\/www.facebook.com\/search\/top?q=kingcrystal","article_modified_time":"2026-03-24T15:47:39+00:00","twitter_card":"summary_large_image","twitter_misc":{"Est. reading time":"1 minuta"},"schema":{"@context":"https:\/\/schema.org","@graph":[{"@type":"WebPage","@id":"https:\/\/kingcrystal.eu\/contact-us\/","url":"https:\/\/kingcrystal.eu\/contact-us\/","name":"contact-us - KingCrystal","isPartOf":{"@id":"https:\/\/kingcrystal.eu\/#website"},"datePublished":"2026-03-24T15:01:09+00:00","dateModified":"2026-03-24T15:47:39+00:00","breadcrumb":{"@id":"https:\/\/kingcrystal.eu\/contact-us\/#breadcrumb"},"inLanguage":"sl-SI","potentialAction":[{"@type":"ReadAction","target":["https:\/\/kingcrystal.eu\/contact-us\/"]}]},{"@type":"BreadcrumbList","@id":"https:\/\/kingcrystal.eu\/contact-us\/#breadcrumb","itemListElement":[{"@type":"ListItem","position":1,"name":"Home","item":"https:\/\/kingcrystal.eu\/en\/"},{"@type":"ListItem","position":2,"name":"contact-us"}]},{"@type":"WebSite","@id":"https:\/\/kingcrystal.eu\/#website","url":"https:\/\/kingcrystal.eu\/","name":"KingCrystal","description":"Najbolj\u0161i naravni nakit","publisher":{"@id":"https:\/\/kingcrystal.eu\/#organization"},"potentialAction":[{"@type":"SearchAction","target":{"@type":"EntryPoint","urlTemplate":"https:\/\/kingcrystal.eu\/?s={search_term_string}"},"query-input":{"@type":"PropertyValueSpecification","valueRequired":true,"valueName":"search_term_string"}}],"inLanguage":"sl-SI"},{"@type":"Organization","@id":"https:\/\/kingcrystal.eu\/#organization","name":"KingCrystal","url":"https:\/\/kingcrystal.eu\/","logo":{"@type":"ImageObject","inLanguage":"sl-SI","@id":"https:\/\/kingcrystal.eu\/#\/schema\/logo\/image\/","url":"https:\/\/kingcrystal.eu\/wp-content\/uploads\/2020\/10\/logo1kx1kCUT-1-300x181_c279f40044eecdd857ab4f753e0c45c8.png","contentUrl":"https:\/\/kingcrystal.eu\/wp-content\/uploads\/2020\/10\/logo1kx1kCUT-1-300x181_c279f40044eecdd857ab4f753e0c45c8.png","width":300,"height":181,"caption":"KingCrystal"},"image":{"@id":"https:\/\/kingcrystal.eu\/#\/schema\/logo\/image\/"},"sameAs":["https:\/\/www.facebook.com\/search\/top?q=kingcrystal","https:\/\/www.instagram.com\/kingcrystal.eu\/"]}]}},"_links":{"self":[{"href":"https:\/\/kingcrystal.eu\/sl\/wp-json\/wp\/v2\/pages\/8804","targetHints":{"allow":["GET"]}}],"collection":[{"href":"https:\/\/kingcrystal.eu\/sl\/wp-json\/wp\/v2\/pages"}],"about":[{"href":"https:\/\/kingcrystal.eu\/sl\/wp-json\/wp\/v2\/types\/page"}],"author":[{"embeddable":true,"href":"https:\/\/kingcrystal.eu\/sl\/wp-json\/wp\/v2\/users\/14"}],"replies":[{"embeddable":true,"href":"https:\/\/kingcrystal.eu\/sl\/wp-json\/wp\/v2\/comments?post=8804"}],"version-history":[{"count":16,"href":"https:\/\/kingcrystal.eu\/sl\/wp-json\/wp\/v2\/pages\/8804\/revisions"}],"predecessor-version":[{"id":8850,"href":"https:\/\/kingcrystal.eu\/sl\/wp-json\/wp\/v2\/pages\/8804\/revisions\/8850"}],"wp:attachment":[{"href":"https:\/\/kingcrystal.eu\/sl\/wp-json\/wp\/v2\/media?parent=8804"}],"curies":[{"name":"delovni list","href":"https:\/\/api.w.org\/{rel}","templated":true}]}}