{"id":8431,"date":"2026-02-14T11:39:10","date_gmt":"2026-02-14T10:39:10","guid":{"rendered":"https:\/\/kingcrystal.eu\/?post_type=product&#038;p=8431"},"modified":"2026-03-26T15:32:01","modified_gmt":"2026-03-26T14:32:01","slug":"shungite-bracelet","status":"publish","type":"product","link":"https:\/\/kingcrystal.eu\/en\/shop\/shungite-bracelet\/","title":{"rendered":"Shungite Bracelet"},"content":{"rendered":"<div class=\"flex flex-col text-sm pb-25\">\n<section class=\"text-token-text-primary w-full focus:outline-none [--shadow-height:45px] has-data-writing-block:pointer-events-none has-data-writing-block:-mt-(--shadow-height) has-data-writing-block:pt-(--shadow-height) [&amp;:has([data-writing-block])&gt;*]:pointer-events-auto scroll-mt-[calc(var(--header-height)+min(200px,max(70px,20svh)))]\" dir=\"auto\" data-turn-id=\"request-WEB:e8ba751e-d302-49a8-bfd9-f8aa4ef0cd02-0\" data-testid=\"conversation-turn-2\" data-scroll-anchor=\"true\" data-turn=\"assistant\">\n<div class=\"text-base my-auto mx-auto pb-10 [--thread-content-margin:var(--thread-content-margin-xs,calc(var(--spacing)*4))] @w-sm\/main:[--thread-content-margin:var(--thread-content-margin-sm,calc(var(--spacing)*6))] @w-lg\/main:[--thread-content-margin:var(--thread-content-margin-lg,calc(var(--spacing)*16))] px-(--thread-content-margin)\">\n<div class=\"[--thread-content-max-width:40rem] @w-lg\/main:[--thread-content-max-width:48rem] mx-auto max-w-(--thread-content-max-width) flex-1 group\/turn-messages focus-visible:outline-hidden relative flex w-full min-w-0 flex-col agent-turn\">\n<div class=\"flex max-w-full flex-col gap-4 grow\">\n<div class=\"min-h-8 text-message relative flex w-full flex-col items-end gap-2 text-start break-words whitespace-normal outline-none keyboard-focused:focus-ring [.text-message+&amp;]:mt-1\" dir=\"auto\" tabindex=\"0\" data-message-author-role=\"assistant\" data-message-id=\"7f90634f-a61d-4d9a-b77f-7da116b4d224\" data-message-model-slug=\"gpt-5-3\" data-turn-start-message=\"true\">\n<div class=\"flex w-full flex-col gap-1 empty:hidden\">\n<div class=\"markdown prose dark:prose-invert w-full wrap-break-word dark markdown-new-styling\">\n<h1 data-start=\"0\" data-end=\"25\"><strong data-start=\"0\" data-end=\"25\">Zapestnica iz \u0161ungita<\/strong><\/h1>\n<h3 data-section-id=\"1jddoxv\" data-start=\"27\" data-end=\"59\">Zakaj ljudje izberejo \u0161ungit<\/h3>\n<ul data-start=\"60\" data-end=\"324\">\n<li data-section-id=\"qh3ab0\" data-start=\"60\" data-end=\"126\">Tradicionalno se uporablja za ozemljitev in energijsko za\u0161\u010dito<\/li>\n<li data-section-id=\"1kqk6on\" data-start=\"127\" data-end=\"195\">Pogosto izbran za podporo ravnovesju ter mirnemu, stabilnemu umu<\/li>\n<li data-section-id=\"18qzey3\" data-start=\"196\" data-end=\"274\">Priljubljen kot vsakodnevni \u00bbza\u0161\u010ditni\u00ab kamen v sodobnih kristalnih praksah<\/li>\n<li data-section-id=\"zy0291\" data-start=\"275\" data-end=\"324\">Povezan s \u010di\u0161\u010denjem in stabilizacijo energije<\/li>\n<\/ul>\n<hr data-start=\"326\" data-end=\"329\" \/>\n<h3 data-section-id=\"7varyu\" data-start=\"331\" data-end=\"353\">O tej zapestnici<\/h3>\n<p data-start=\"354\" data-end=\"504\">Ta zapestnica iz \u0161ungita je izdelana iz skrbno izbranih naravnih \u0161ungitnih kamnov, cenjenih zaradi svojih globoko ozemljujo\u010dih in za\u0161\u010ditnih lastnosti.<\/p>\n<p data-start=\"506\" data-end=\"649\">\u0160ungit se \u017ee stoletja uporablja v tradicionalnih praksah, danes pa je \u0161iroko cenjen kot kamen stabilnosti, pre\u010di\u0161\u010devanja in energijske za\u0161\u010dite.<\/p>\n<p data-start=\"651\" data-end=\"803\">Ob vsakodnevnem no\u0161enju zapestnica deluje kot pomenljiv energijski kos in hkrati kot minimalisti\u010den modni dodatek, ki se enostavno poda k vsakemu slogu.<\/p>\n<hr data-start=\"805\" data-end=\"808\" \/>\n<h3 data-section-id=\"d18ac9\" data-start=\"810\" data-end=\"835\">Podrobnosti izdelka<\/h3>\n<ul data-start=\"836\" data-end=\"1064\">\n<li data-section-id=\"132ku4z\" data-start=\"836\" data-end=\"861\">Kamen: naravni \u0161ungit<\/li>\n<li data-section-id=\"1o3ye08\" data-start=\"862\" data-end=\"888\">Velikost kroglic: 8 mm<\/li>\n<li data-section-id=\"t6m4ei\" data-start=\"889\" data-end=\"925\">Tip zapestnice: elasti\u010dna vrvica<\/li>\n<li data-section-id=\"mpboo1\" data-start=\"926\" data-end=\"970\">Prileganje: zasnovana za ve\u010dino zapestij<\/li>\n<li data-section-id=\"1tcleh6\" data-start=\"971\" data-end=\"1006\">Povr\u0161ina: gladko polirani kamni<\/li>\n<li data-section-id=\"1sglmco\" data-start=\"1007\" data-end=\"1064\">Izvor: naravni kamen \u2013 vsaka zapestnica je edinstvena<\/li>\n<\/ul>\n<hr data-start=\"1066\" data-end=\"1069\" \/>\n<h3 data-section-id=\"c02ca6\" data-start=\"1071\" data-end=\"1088\">Kako nositi<\/h3>\n<ul data-start=\"1089\" data-end=\"1300\">\n<li data-section-id=\"1diku41\" data-start=\"1089\" data-end=\"1160\">Nosite na levi roki za sprejemanje ozemljujo\u010de in za\u0161\u010ditne energije<\/li>\n<li data-section-id=\"m0qwwm\" data-start=\"1161\" data-end=\"1232\">Nosite na desni roki za izra\u017eanje mo\u010di, stabilnosti in osebnih meja<\/li>\n<li data-section-id=\"wz0ipq\" data-start=\"1233\" data-end=\"1300\">Primerna za vsakodnevno no\u0161enje, delo, potovanja ali meditacijo<\/li>\n<\/ul>\n<hr data-start=\"1302\" data-end=\"1305\" \/>\n<h3 data-section-id=\"1vugfas\" data-start=\"1307\" data-end=\"1328\">Poravnava \u010daker<\/h3>\n<ul data-start=\"1329\" data-end=\"1399\">\n<li data-section-id=\"1y2i5kt\" data-start=\"1329\" data-end=\"1399\">Koreninska \u010dakra (Muladhara): ozemljitev, stabilnost, varnost, mo\u010d<\/li>\n<\/ul>\n<hr data-start=\"1401\" data-end=\"1404\" \/>\n<h3 data-section-id=\"mabngs\" data-start=\"1406\" data-end=\"1431\">Povezava z zodiakom<\/h3>\n<ul data-start=\"1432\" data-end=\"1620\">\n<li data-section-id=\"1jukdrd\" data-start=\"1432\" data-end=\"1496\">\u0160korpijon \u2013 podpira preobrazbo, odpornost in energijske meje<\/li>\n<li data-section-id=\"12owawv\" data-start=\"1497\" data-end=\"1557\">Kozorog \u2013 spodbuja disciplino, osredoto\u010denost in za\u0161\u010dito<\/li>\n<li data-section-id=\"h5bx1x\" data-start=\"1558\" data-end=\"1620\">Bik \u2013 krepi stabilnost, umirjenost in zemeljsko ravnovesje<\/li>\n<\/ul>\n<hr data-start=\"1622\" data-end=\"1625\" \/>\n<h3 data-section-id=\"bl3zqg\" data-start=\"1627\" data-end=\"1649\">Navodila za nego<\/h3>\n<ul data-start=\"1650\" data-end=\"1783\">\n<li data-section-id=\"dn8u65\" data-start=\"1650\" data-end=\"1694\">Izogibajte se dolgotrajnemu stiku z vodo<\/li>\n<li data-section-id=\"19hybqi\" data-start=\"1695\" data-end=\"1741\">\u010cistite ne\u017eno s suho ali rahlo vla\u017eno krpo<\/li>\n<li data-section-id=\"lwf41j\" data-start=\"1742\" data-end=\"1783\">Shranjujte lo\u010deno, da za\u0161\u010ditite kamne<\/li>\n<\/ul>\n<hr data-start=\"1785\" data-end=\"1788\" \/>\n<p data-start=\"1790\" data-end=\"1924\" data-is-last-node=\"\" data-is-only-node=\"\">Vsaka zapestnica je izdelana iz naravnega kamna, zato se lahko barva in tekstura nekoliko razlikujeta \u2013 kar naredi vsak kos edinstven.<\/p>\n<\/div>\n<\/div>\n<\/div>\n<\/div>\n<div class=\"z-0 flex min-h-[46px] justify-start\"><\/div>\n<div class=\"mt-3 w-full empty:hidden\">\n<div class=\"text-center\"><\/div>\n<\/div>\n<\/div>\n<\/div>\n<\/section>\n<\/div>\n<div class=\"pointer-events-none h-px w-px absolute bottom-0\" aria-hidden=\"true\" data-edge=\"true\"><\/div>\n<p><!-- gp-autobuild-related --><\/p>\n<h2>Related resources<\/h2>\n<ul>\n<li><a href=\"https:\/\/kingcrystal.eu\/benefits-of-shungite-for-energy-protection\/\">Benefits of Shungite for Energy Protection<\/a><\/li>\n<li><a href=\"https:\/\/kingcrystal.eu\/understanding-shungite-in-crystal-healing\/\">Understanding Shungite in Crystal Healing<\/a><\/li>\n<li><a href=\"https:\/\/kingcrystal.eu\/choosing-the-right-shungite-bracelet\/\">Choosing the Right Shungite Bracelet<\/a><\/li>\n<li><a href=\"https:\/\/kingcrystal.eu\/properties-of-natural-shungite-stones\/\">Properties of Natural Shungite Stones<\/a><\/li>\n<li><a href=\"https:\/\/kingcrystal.eu\/caring-for-your-shungite-bracelet\/\">Caring for Your Shungite Bracelet<\/a><\/li>\n<li><a href=\"https:\/\/kingcrystal.eu\/styles-of-shungite-bracelets-available\/\">Styles of Shungite Bracelets Available<\/a><\/li>\n<li><a href=\"https:\/\/kingcrystal.eu\/using-shungite-for-meditation\/\">Using Shungite for Meditation<\/a><\/li>\n<li><a href=\"https:\/\/kingcrystal.eu\/historical-uses-of-shungite\/\">Historical Uses of Shungite<\/a><\/li>\n<\/ul>\n<p><a href=\"https:\/\/kingcrystal.eu\/frequently-asked-questions\/\">Open FAQ hub for this cluster<\/a><\/p>\n<p><strong>Availability:<\/strong> Fast shipping across Slovenia and Europe.<\/p>\n","protected":false},"excerpt":{"rendered":"<p>A natural Shungite bracelet designed to support grounding, electro magnetic protection, and energetic balance in everyday life.<\/p>\n","protected":false},"featured_media":8455,"comment_status":"closed","ping_status":"closed","template":"","meta":[],"product_brand":[],"product_cat":[25,139],"product_tag":[],"class_list":{"0":"post-8431","1":"product","2":"type-product","3":"status-publish","4":"has-post-thumbnail","6":"product_cat-crystal-bracelets","7":"product_cat-shungite-bracelets-bracelets","9":"first","10":"instock","11":"sale","12":"taxable","13":"shipping-taxable","14":"purchasable","15":"product-type-variable","16":"has-default-attributes"},"yoast_head":"<!-- This site is optimized with the Yoast SEO Premium plugin v26.6 (Yoast SEO v26.6) - https:\/\/yoast.com\/wordpress\/plugins\/seo\/ -->\n<title>Shungite Bracelet - KingCrystal<\/title>\n<meta name=\"robots\" content=\"index, follow, max-snippet:-1, max-image-preview:large, max-video-preview:-1\" \/>\n<link rel=\"canonical\" href=\"https:\/\/kingcrystal.eu\/en\/shop\/shungite-bracelet\/\" \/>\n<meta property=\"og:locale\" content=\"en_US\" \/>\n<meta property=\"og:type\" content=\"article\" \/>\n<meta property=\"og:title\" content=\"Shungite Bracelet\" \/>\n<meta property=\"og:description\" content=\"A natural Shungite bracelet designed to support grounding, electro magnetic protection, and energetic balance in everyday life.\" \/>\n<meta property=\"og:url\" content=\"https:\/\/kingcrystal.eu\/en\/shop\/shungite-bracelet\/\" \/>\n<meta property=\"og:site_name\" content=\"KingCrystal\" \/>\n<meta property=\"article:publisher\" content=\"https:\/\/www.facebook.com\/search\/top?q=kingcrystal\" \/>\n<meta property=\"article:modified_time\" content=\"2026-03-26T14:32:01+00:00\" \/>\n<meta property=\"og:image\" content=\"https:\/\/kingcrystal.eu\/wp-content\/uploads\/2026\/02\/shungite-bracelet-with-silver-bead-1.png\" \/>\n\t<meta property=\"og:image:width\" content=\"1024\" \/>\n\t<meta property=\"og:image:height\" content=\"1024\" \/>\n\t<meta property=\"og:image:type\" content=\"image\/png\" \/>\n<meta name=\"twitter:card\" content=\"summary_large_image\" \/>\n<meta name=\"twitter:label1\" content=\"Est. reading time\" \/>\n\t<meta name=\"twitter:data1\" content=\"2 minutes\" \/>\n<script type=\"application\/ld+json\" class=\"yoast-schema-graph\">{\"@context\":\"https:\/\/schema.org\",\"@graph\":[{\"@type\":\"WebPage\",\"@id\":\"https:\/\/kingcrystal.eu\/shop\/shungite-bracelet\/\",\"url\":\"https:\/\/kingcrystal.eu\/shop\/shungite-bracelet\/\",\"name\":\"Shungite Bracelet - KingCrystal\",\"isPartOf\":{\"@id\":\"https:\/\/kingcrystal.eu\/#website\"},\"primaryImageOfPage\":{\"@id\":\"https:\/\/kingcrystal.eu\/shop\/shungite-bracelet\/#primaryimage\"},\"image\":{\"@id\":\"https:\/\/kingcrystal.eu\/shop\/shungite-bracelet\/#primaryimage\"},\"thumbnailUrl\":\"https:\/\/kingcrystal.eu\/wp-content\/uploads\/2026\/02\/shungite-bracelet-with-silver-bead-1.png\",\"datePublished\":\"2026-02-14T10:39:10+00:00\",\"dateModified\":\"2026-03-26T14:32:01+00:00\",\"breadcrumb\":{\"@id\":\"https:\/\/kingcrystal.eu\/shop\/shungite-bracelet\/#breadcrumb\"},\"inLanguage\":\"en-US\",\"potentialAction\":[{\"@type\":\"ReadAction\",\"target\":[\"https:\/\/kingcrystal.eu\/shop\/shungite-bracelet\/\"]}]},{\"@type\":\"ImageObject\",\"inLanguage\":\"en-US\",\"@id\":\"https:\/\/kingcrystal.eu\/shop\/shungite-bracelet\/#primaryimage\",\"url\":\"https:\/\/kingcrystal.eu\/wp-content\/uploads\/2026\/02\/shungite-bracelet-with-silver-bead-1.png\",\"contentUrl\":\"https:\/\/kingcrystal.eu\/wp-content\/uploads\/2026\/02\/shungite-bracelet-with-silver-bead-1.png\",\"width\":1024,\"height\":1024,\"caption\":\"A black bead bracelet featuring one silver bead among the black beads\"},{\"@type\":\"BreadcrumbList\",\"@id\":\"https:\/\/kingcrystal.eu\/shop\/shungite-bracelet\/#breadcrumb\",\"itemListElement\":[{\"@type\":\"ListItem\",\"position\":1,\"name\":\"Home\",\"item\":\"https:\/\/kingcrystal.eu\/en\/\"},{\"@type\":\"ListItem\",\"position\":2,\"name\":\"Shop\",\"item\":\"https:\/\/kingcrystal.eu\/shop\/\"},{\"@type\":\"ListItem\",\"position\":3,\"name\":\"Shungite Bracelet\"}]},{\"@type\":\"WebSite\",\"@id\":\"https:\/\/kingcrystal.eu\/#website\",\"url\":\"https:\/\/kingcrystal.eu\/\",\"name\":\"KingCrystal\",\"description\":\"Finest Natural Jewelry\",\"publisher\":{\"@id\":\"https:\/\/kingcrystal.eu\/#organization\"},\"potentialAction\":[{\"@type\":\"SearchAction\",\"target\":{\"@type\":\"EntryPoint\",\"urlTemplate\":\"https:\/\/kingcrystal.eu\/?s={search_term_string}\"},\"query-input\":{\"@type\":\"PropertyValueSpecification\",\"valueRequired\":true,\"valueName\":\"search_term_string\"}}],\"inLanguage\":\"en-US\"},{\"@type\":\"Organization\",\"@id\":\"https:\/\/kingcrystal.eu\/#organization\",\"name\":\"KingCrystal\",\"url\":\"https:\/\/kingcrystal.eu\/\",\"logo\":{\"@type\":\"ImageObject\",\"inLanguage\":\"en-US\",\"@id\":\"https:\/\/kingcrystal.eu\/#\/schema\/logo\/image\/\",\"url\":\"https:\/\/kingcrystal.eu\/wp-content\/uploads\/2020\/10\/logo1kx1kCUT-1-300x181_c279f40044eecdd857ab4f753e0c45c8.png\",\"contentUrl\":\"https:\/\/kingcrystal.eu\/wp-content\/uploads\/2020\/10\/logo1kx1kCUT-1-300x181_c279f40044eecdd857ab4f753e0c45c8.png\",\"width\":300,\"height\":181,\"caption\":\"KingCrystal\"},\"image\":{\"@id\":\"https:\/\/kingcrystal.eu\/#\/schema\/logo\/image\/\"},\"sameAs\":[\"https:\/\/www.facebook.com\/search\/top?q=kingcrystal\",\"https:\/\/www.instagram.com\/kingcrystal.eu\/\"]}]}<\/script>\n<!-- \/ Yoast SEO Premium plugin. -->","yoast_head_json":{"title":"Shungite Bracelet - KingCrystal","robots":{"index":"index","follow":"follow","max-snippet":"max-snippet:-1","max-image-preview":"max-image-preview:large","max-video-preview":"max-video-preview:-1"},"canonical":"https:\/\/kingcrystal.eu\/en\/shop\/shungite-bracelet\/","og_locale":"en_US","og_type":"article","og_title":"Shungite Bracelet","og_description":"A natural Shungite bracelet designed to support grounding, electro magnetic protection, and energetic balance in everyday life.","og_url":"https:\/\/kingcrystal.eu\/en\/shop\/shungite-bracelet\/","og_site_name":"KingCrystal","article_publisher":"https:\/\/www.facebook.com\/search\/top?q=kingcrystal","article_modified_time":"2026-03-26T14:32:01+00:00","og_image":[{"width":1024,"height":1024,"url":"https:\/\/kingcrystal.eu\/wp-content\/uploads\/2026\/02\/shungite-bracelet-with-silver-bead-1.png","type":"image\/png"}],"twitter_card":"summary_large_image","twitter_misc":{"Est. reading time":"2 minutes"},"schema":{"@context":"https:\/\/schema.org","@graph":[{"@type":"WebPage","@id":"https:\/\/kingcrystal.eu\/shop\/shungite-bracelet\/","url":"https:\/\/kingcrystal.eu\/shop\/shungite-bracelet\/","name":"Shungite Bracelet - KingCrystal","isPartOf":{"@id":"https:\/\/kingcrystal.eu\/#website"},"primaryImageOfPage":{"@id":"https:\/\/kingcrystal.eu\/shop\/shungite-bracelet\/#primaryimage"},"image":{"@id":"https:\/\/kingcrystal.eu\/shop\/shungite-bracelet\/#primaryimage"},"thumbnailUrl":"https:\/\/kingcrystal.eu\/wp-content\/uploads\/2026\/02\/shungite-bracelet-with-silver-bead-1.png","datePublished":"2026-02-14T10:39:10+00:00","dateModified":"2026-03-26T14:32:01+00:00","breadcrumb":{"@id":"https:\/\/kingcrystal.eu\/shop\/shungite-bracelet\/#breadcrumb"},"inLanguage":"en-US","potentialAction":[{"@type":"ReadAction","target":["https:\/\/kingcrystal.eu\/shop\/shungite-bracelet\/"]}]},{"@type":"ImageObject","inLanguage":"en-US","@id":"https:\/\/kingcrystal.eu\/shop\/shungite-bracelet\/#primaryimage","url":"https:\/\/kingcrystal.eu\/wp-content\/uploads\/2026\/02\/shungite-bracelet-with-silver-bead-1.png","contentUrl":"https:\/\/kingcrystal.eu\/wp-content\/uploads\/2026\/02\/shungite-bracelet-with-silver-bead-1.png","width":1024,"height":1024,"caption":"A black bead bracelet featuring one silver bead among the black beads"},{"@type":"BreadcrumbList","@id":"https:\/\/kingcrystal.eu\/shop\/shungite-bracelet\/#breadcrumb","itemListElement":[{"@type":"ListItem","position":1,"name":"Home","item":"https:\/\/kingcrystal.eu\/en\/"},{"@type":"ListItem","position":2,"name":"Shop","item":"https:\/\/kingcrystal.eu\/shop\/"},{"@type":"ListItem","position":3,"name":"Shungite Bracelet"}]},{"@type":"WebSite","@id":"https:\/\/kingcrystal.eu\/#website","url":"https:\/\/kingcrystal.eu\/","name":"KingCrystal","description":"Finest Natural Jewelry","publisher":{"@id":"https:\/\/kingcrystal.eu\/#organization"},"potentialAction":[{"@type":"SearchAction","target":{"@type":"EntryPoint","urlTemplate":"https:\/\/kingcrystal.eu\/?s={search_term_string}"},"query-input":{"@type":"PropertyValueSpecification","valueRequired":true,"valueName":"search_term_string"}}],"inLanguage":"en-US"},{"@type":"Organization","@id":"https:\/\/kingcrystal.eu\/#organization","name":"KingCrystal","url":"https:\/\/kingcrystal.eu\/","logo":{"@type":"ImageObject","inLanguage":"en-US","@id":"https:\/\/kingcrystal.eu\/#\/schema\/logo\/image\/","url":"https:\/\/kingcrystal.eu\/wp-content\/uploads\/2020\/10\/logo1kx1kCUT-1-300x181_c279f40044eecdd857ab4f753e0c45c8.png","contentUrl":"https:\/\/kingcrystal.eu\/wp-content\/uploads\/2020\/10\/logo1kx1kCUT-1-300x181_c279f40044eecdd857ab4f753e0c45c8.png","width":300,"height":181,"caption":"KingCrystal"},"image":{"@id":"https:\/\/kingcrystal.eu\/#\/schema\/logo\/image\/"},"sameAs":["https:\/\/www.facebook.com\/search\/top?q=kingcrystal","https:\/\/www.instagram.com\/kingcrystal.eu\/"]}]}},"_links":{"self":[{"href":"https:\/\/kingcrystal.eu\/en\/wp-json\/wp\/v2\/product\/8431","targetHints":{"allow":["GET"]}}],"collection":[{"href":"https:\/\/kingcrystal.eu\/en\/wp-json\/wp\/v2\/product"}],"about":[{"href":"https:\/\/kingcrystal.eu\/en\/wp-json\/wp\/v2\/types\/product"}],"replies":[{"embeddable":true,"href":"https:\/\/kingcrystal.eu\/en\/wp-json\/wp\/v2\/comments?post=8431"}],"version-history":[{"count":6,"href":"https:\/\/kingcrystal.eu\/en\/wp-json\/wp\/v2\/product\/8431\/revisions"}],"predecessor-version":[{"id":8970,"href":"https:\/\/kingcrystal.eu\/en\/wp-json\/wp\/v2\/product\/8431\/revisions\/8970"}],"wp:featuredmedia":[{"embeddable":true,"href":"https:\/\/kingcrystal.eu\/en\/wp-json\/wp\/v2\/media\/8455"}],"wp:attachment":[{"href":"https:\/\/kingcrystal.eu\/en\/wp-json\/wp\/v2\/media?parent=8431"}],"wp:term":[{"taxonomy":"product_brand","embeddable":true,"href":"https:\/\/kingcrystal.eu\/en\/wp-json\/wp\/v2\/product_brand?post=8431"},{"taxonomy":"product_cat","embeddable":true,"href":"https:\/\/kingcrystal.eu\/en\/wp-json\/wp\/v2\/product_cat?post=8431"},{"taxonomy":"product_tag","embeddable":true,"href":"https:\/\/kingcrystal.eu\/en\/wp-json\/wp\/v2\/product_tag?post=8431"}],"curies":[{"name":"wp","href":"https:\/\/api.w.org\/{rel}","templated":true}]}}